{"id":286833,"date":"2025-04-22T00:00:00","date_gmt":"2025-04-21T22:00:00","guid":{"rendered":"https:\/\/wpguerssen-test.odoo.rgbconsulting.com\/product\/knull-void-pink\/"},"modified":"2025-04-22T17:00:47","modified_gmt":"2025-04-22T15:00:47","slug":"knull-void-pink","status":"publish","type":"product","link":"https:\/\/wpguerssen-test.odoo.rgbconsulting.com\/es\/producto\/knull-void-pink\/","title":{"rendered":"Knull &#038; Void (Pink)"},"content":{"rendered":"<p>Czarface regresa de las sombras con \u00abKnull &#038; Void\u00bb, un trepidante 12&#8243; sacado directamente de la pel\u00edcula Venom: El \u00daltimo Baile. Con la participaci\u00f3n de Method Man de Wu-Tang Clan y el escurridizo Frankie Pulitzer, y rematado con la cara B in\u00e9dita \u00abSafe Haven\u00bb, este tema est\u00e1 destinado a ser el Santo Grial del coleccionista. Tanto si eres un fan\u00e1tico del hip-hop como un fan\u00e1tico de Marvel, estos temas pegan m\u00e1s fuerte que el mism\u00edsimo Venom&#8230; \u00a1cons\u00edguelo antes de que se desvanezca en el vac\u00edo!<\/p>\n","protected":false},"excerpt":{"rendered":"<p>Czarface regresa de las sombras con \u00abKnull &#038; Void\u00bb, un trepidante 12&#8243; sacado directamente de la pel\u00edcula Venom: El \u00daltimo Baile. Con la participaci\u00f3n<a class=\"read\" href=\"https:\/\/wpguerssen-test.odoo.rgbconsulting.com\/es\/producto\/knull-void-pink\/\"> (...)<\/a>","protected":false},"featured_media":286807,"template":"","meta":{"_acf_changed":false},"product_brand":[],"product_cat":[21706],"product_tag":[24189],"class_list":{"0":"post-286833","1":"product","2":"type-product","3":"status-publish","4":"has-post-thumbnail","6":"product_cat-rap-hip-hop-es","7":"product_tag-recien-llegadas","8":"pa_artist-czarface","9":"pa_format-lp-es","10":"pa_gender-rap-hip-hop","11":"pa_label-silver-age","12":"pa_location-north-america-es","13":"pa_other-filters-vinyl-only-es","15":"first","16":"instock","17":"taxable","18":"shipping-taxable","19":"purchasable","20":"product-type-simple"},"acf":[],"yoast_head":"<!-- This site is optimized with the Yoast SEO plugin v24.9 - https:\/\/yoast.com\/wordpress\/plugins\/seo\/ -->\n<title>CZARFACE - Knull &amp; Void (Pink) -  (LP) | Guerssen<\/title>\n<meta name=\"description\" content=\"Czarface returns from the shadows with &quot;Knull &amp; Void&quot;, a bone-rattling12&quot; straight from the film Venom: The Last Dance. Featuring Wu-TangClan&#039;s Method Man and the elusive Frankie Pulitzer, and rounded outwith a never-before-heard B-side &quot;Safe Haven&quot;, this one&#039;s destined tobe a collector&#039;s grail. Whether you&#039;re a hip-hop head or aMarvel-maniac, these tracks hit harder than Venom himself...grab itbefore it vanishes into the void!\" \/>\n<meta name=\"robots\" content=\"index, follow, max-snippet:-1, max-image-preview:large, max-video-preview:-1\" \/>\n<link rel=\"canonical\" href=\"https:\/\/wpguerssen-test.odoo.rgbconsulting.com\/es\/producto\/knull-void-pink\/\" \/>\n<meta property=\"og:locale\" content=\"es_ES\" \/>\n<meta property=\"og:type\" content=\"article\" \/>\n<meta property=\"og:title\" content=\"CZARFACE - Knull &amp; Void (Pink) -  (LP) | Guerssen\" \/>\n<meta property=\"og:description\" content=\"Czarface returns from the shadows with &quot;Knull &amp; Void&quot;, a bone-rattling12&quot; straight from the film Venom: The Last Dance. Featuring Wu-TangClan&#039;s Method Man and the elusive Frankie Pulitzer, and rounded outwith a never-before-heard B-side &quot;Safe Haven&quot;, this one&#039;s destined tobe a collector&#039;s grail. Whether you&#039;re a hip-hop head or aMarvel-maniac, these tracks hit harder than Venom himself...grab itbefore it vanishes into the void!\" \/>\n<meta property=\"og:url\" content=\"https:\/\/wpguerssen-test.odoo.rgbconsulting.com\/es\/producto\/knull-void-pink\/\" \/>\n<meta property=\"og:site_name\" content=\"Guerssen records\" \/>\n<meta property=\"article:modified_time\" content=\"2025-04-22T15:00:47+00:00\" \/>\n<meta property=\"og:image\" content=\"https:\/\/wpguerssen-test.odoo.rgbconsulting.com\/wp-content\/uploads\/2025\/04\/50373.jpg\" \/>\n\t<meta property=\"og:image:width\" content=\"519\" \/>\n\t<meta property=\"og:image:height\" content=\"518\" \/>\n\t<meta property=\"og:image:type\" content=\"image\/jpeg\" \/>\n<meta name=\"twitter:card\" content=\"summary_large_image\" \/>\n<meta name=\"twitter:title\" content=\"CZARFACE - Knull &amp; Void (Pink) -  (LP) | Guerssen\" \/>\n<script type=\"application\/ld+json\" class=\"yoast-schema-graph\">{\"@context\":\"https:\/\/schema.org\",\"@graph\":[{\"@type\":\"WebPage\",\"@id\":\"https:\/\/wpguerssen-test.odoo.rgbconsulting.com\/es\/producto\/knull-void-pink\/\",\"url\":\"https:\/\/wpguerssen-test.odoo.rgbconsulting.com\/es\/producto\/knull-void-pink\/\",\"name\":\"CZARFACE - Knull & Void (Pink) - (LP) | Guerssen\",\"isPartOf\":{\"@id\":\"https:\/\/wpguerssen-test.odoo.rgbconsulting.com\/es\/#website\"},\"primaryImageOfPage\":{\"@id\":\"https:\/\/wpguerssen-test.odoo.rgbconsulting.com\/es\/producto\/knull-void-pink\/#primaryimage\"},\"image\":{\"@id\":\"https:\/\/wpguerssen-test.odoo.rgbconsulting.com\/es\/producto\/knull-void-pink\/#primaryimage\"},\"thumbnailUrl\":\"https:\/\/wpguerssen-test.odoo.rgbconsulting.com\/wp-content\/uploads\/2025\/04\/50373.jpg\",\"datePublished\":\"2025-04-21T22:00:00+00:00\",\"dateModified\":\"2025-04-22T15:00:47+00:00\",\"description\":\"Czarface returns from the shadows with \\\"Knull & Void\\\", a bone-rattling12\\\" straight from the film Venom: The Last Dance. Featuring Wu-TangClan's Method Man and the elusive Frankie Pulitzer, and rounded outwith a never-before-heard B-side \\\"Safe Haven\\\", this one's destined tobe a collector's grail. Whether you're a hip-hop head or aMarvel-maniac, these tracks hit harder than Venom himself...grab itbefore it vanishes into the void!\",\"breadcrumb\":{\"@id\":\"https:\/\/wpguerssen-test.odoo.rgbconsulting.com\/es\/producto\/knull-void-pink\/#breadcrumb\"},\"inLanguage\":\"es\",\"potentialAction\":[{\"@type\":\"ReadAction\",\"target\":[\"https:\/\/wpguerssen-test.odoo.rgbconsulting.com\/es\/producto\/knull-void-pink\/\"]}]},{\"@type\":\"ImageObject\",\"inLanguage\":\"es\",\"@id\":\"https:\/\/wpguerssen-test.odoo.rgbconsulting.com\/es\/producto\/knull-void-pink\/#primaryimage\",\"url\":\"https:\/\/wpguerssen-test.odoo.rgbconsulting.com\/wp-content\/uploads\/2025\/04\/50373.jpg\",\"contentUrl\":\"https:\/\/wpguerssen-test.odoo.rgbconsulting.com\/wp-content\/uploads\/2025\/04\/50373.jpg\",\"width\":519,\"height\":518},{\"@type\":\"BreadcrumbList\",\"@id\":\"https:\/\/wpguerssen-test.odoo.rgbconsulting.com\/es\/producto\/knull-void-pink\/#breadcrumb\",\"itemListElement\":[{\"@type\":\"ListItem\",\"position\":1,\"name\":\"Inicio\",\"item\":\"https:\/\/wpguerssen-test.odoo.rgbconsulting.com\/es\/\"},{\"@type\":\"ListItem\",\"position\":2,\"name\":\"Shop\",\"item\":\"https:\/\/wpguerssen-test.odoo.rgbconsulting.com\/shop\/\"},{\"@type\":\"ListItem\",\"position\":3,\"name\":\"Knull &#038; Void (Pink)\"}]},{\"@type\":\"WebSite\",\"@id\":\"https:\/\/wpguerssen-test.odoo.rgbconsulting.com\/es\/#website\",\"url\":\"https:\/\/wpguerssen-test.odoo.rgbconsulting.com\/es\/\",\"name\":\"Guerssen records\",\"description\":\"psychedelia - progressive - folk - garage \",\"publisher\":{\"@id\":\"https:\/\/wpguerssen-test.odoo.rgbconsulting.com\/es\/#organization\"},\"potentialAction\":[{\"@type\":\"SearchAction\",\"target\":{\"@type\":\"EntryPoint\",\"urlTemplate\":\"https:\/\/wpguerssen-test.odoo.rgbconsulting.com\/es\/?s={search_term_string}\"},\"query-input\":{\"@type\":\"PropertyValueSpecification\",\"valueRequired\":true,\"valueName\":\"search_term_string\"}}],\"inLanguage\":\"es\"},{\"@type\":\"Organization\",\"@id\":\"https:\/\/wpguerssen-test.odoo.rgbconsulting.com\/es\/#organization\",\"name\":\"Guerssen records\",\"url\":\"https:\/\/wpguerssen-test.odoo.rgbconsulting.com\/es\/\",\"logo\":{\"@type\":\"ImageObject\",\"inLanguage\":\"es\",\"@id\":\"https:\/\/wpguerssen-test.odoo.rgbconsulting.com\/es\/#\/schema\/logo\/image\/\",\"url\":\"https:\/\/wpguerssen-test.odoo.rgbconsulting.com\/wp-content\/uploads\/2022\/04\/Logo_Guerssen_trans_100.png\",\"contentUrl\":\"https:\/\/wpguerssen-test.odoo.rgbconsulting.com\/wp-content\/uploads\/2022\/04\/Logo_Guerssen_trans_100.png\",\"width\":122,\"height\":100,\"caption\":\"Guerssen records\"},\"image\":{\"@id\":\"https:\/\/wpguerssen-test.odoo.rgbconsulting.com\/es\/#\/schema\/logo\/image\/\"}}]}<\/script>\n<!-- \/ Yoast SEO plugin. -->","yoast_head_json":{"title":"CZARFACE - Knull & Void (Pink) -  (LP) | Guerssen","description":"Czarface returns from the shadows with \"Knull & Void\", a bone-rattling12\" straight from the film Venom: The Last Dance. Featuring Wu-TangClan's Method Man and the elusive Frankie Pulitzer, and rounded outwith a never-before-heard B-side \"Safe Haven\", this one's destined tobe a collector's grail. Whether you're a hip-hop head or aMarvel-maniac, these tracks hit harder than Venom himself...grab itbefore it vanishes into the void!","robots":{"index":"index","follow":"follow","max-snippet":"max-snippet:-1","max-image-preview":"max-image-preview:large","max-video-preview":"max-video-preview:-1"},"canonical":"https:\/\/wpguerssen-test.odoo.rgbconsulting.com\/es\/producto\/knull-void-pink\/","og_locale":"es_ES","og_type":"article","og_title":"CZARFACE - Knull & Void (Pink) -  (LP) | Guerssen","og_description":"Czarface returns from the shadows with \"Knull & Void\", a bone-rattling12\" straight from the film Venom: The Last Dance. Featuring Wu-TangClan's Method Man and the elusive Frankie Pulitzer, and rounded outwith a never-before-heard B-side \"Safe Haven\", this one's destined tobe a collector's grail. Whether you're a hip-hop head or aMarvel-maniac, these tracks hit harder than Venom himself...grab itbefore it vanishes into the void!","og_url":"https:\/\/wpguerssen-test.odoo.rgbconsulting.com\/es\/producto\/knull-void-pink\/","og_site_name":"Guerssen records","article_modified_time":"2025-04-22T15:00:47+00:00","og_image":[{"width":519,"height":518,"url":"https:\/\/wpguerssen-test.odoo.rgbconsulting.com\/wp-content\/uploads\/2025\/04\/50373.jpg","type":"image\/jpeg"}],"twitter_card":"summary_large_image","twitter_title":"CZARFACE - Knull & Void (Pink) -  (LP) | Guerssen","schema":{"@context":"https:\/\/schema.org","@graph":[{"@type":"WebPage","@id":"https:\/\/wpguerssen-test.odoo.rgbconsulting.com\/es\/producto\/knull-void-pink\/","url":"https:\/\/wpguerssen-test.odoo.rgbconsulting.com\/es\/producto\/knull-void-pink\/","name":"CZARFACE - Knull & Void (Pink) - (LP) | Guerssen","isPartOf":{"@id":"https:\/\/wpguerssen-test.odoo.rgbconsulting.com\/es\/#website"},"primaryImageOfPage":{"@id":"https:\/\/wpguerssen-test.odoo.rgbconsulting.com\/es\/producto\/knull-void-pink\/#primaryimage"},"image":{"@id":"https:\/\/wpguerssen-test.odoo.rgbconsulting.com\/es\/producto\/knull-void-pink\/#primaryimage"},"thumbnailUrl":"https:\/\/wpguerssen-test.odoo.rgbconsulting.com\/wp-content\/uploads\/2025\/04\/50373.jpg","datePublished":"2025-04-21T22:00:00+00:00","dateModified":"2025-04-22T15:00:47+00:00","description":"Czarface returns from the shadows with \"Knull & Void\", a bone-rattling12\" straight from the film Venom: The Last Dance. Featuring Wu-TangClan's Method Man and the elusive Frankie Pulitzer, and rounded outwith a never-before-heard B-side \"Safe Haven\", this one's destined tobe a collector's grail. Whether you're a hip-hop head or aMarvel-maniac, these tracks hit harder than Venom himself...grab itbefore it vanishes into the void!","breadcrumb":{"@id":"https:\/\/wpguerssen-test.odoo.rgbconsulting.com\/es\/producto\/knull-void-pink\/#breadcrumb"},"inLanguage":"es","potentialAction":[{"@type":"ReadAction","target":["https:\/\/wpguerssen-test.odoo.rgbconsulting.com\/es\/producto\/knull-void-pink\/"]}]},{"@type":"ImageObject","inLanguage":"es","@id":"https:\/\/wpguerssen-test.odoo.rgbconsulting.com\/es\/producto\/knull-void-pink\/#primaryimage","url":"https:\/\/wpguerssen-test.odoo.rgbconsulting.com\/wp-content\/uploads\/2025\/04\/50373.jpg","contentUrl":"https:\/\/wpguerssen-test.odoo.rgbconsulting.com\/wp-content\/uploads\/2025\/04\/50373.jpg","width":519,"height":518},{"@type":"BreadcrumbList","@id":"https:\/\/wpguerssen-test.odoo.rgbconsulting.com\/es\/producto\/knull-void-pink\/#breadcrumb","itemListElement":[{"@type":"ListItem","position":1,"name":"Inicio","item":"https:\/\/wpguerssen-test.odoo.rgbconsulting.com\/es\/"},{"@type":"ListItem","position":2,"name":"Shop","item":"https:\/\/wpguerssen-test.odoo.rgbconsulting.com\/shop\/"},{"@type":"ListItem","position":3,"name":"Knull &#038; Void (Pink)"}]},{"@type":"WebSite","@id":"https:\/\/wpguerssen-test.odoo.rgbconsulting.com\/es\/#website","url":"https:\/\/wpguerssen-test.odoo.rgbconsulting.com\/es\/","name":"Guerssen records","description":"psychedelia - progressive - folk - garage ","publisher":{"@id":"https:\/\/wpguerssen-test.odoo.rgbconsulting.com\/es\/#organization"},"potentialAction":[{"@type":"SearchAction","target":{"@type":"EntryPoint","urlTemplate":"https:\/\/wpguerssen-test.odoo.rgbconsulting.com\/es\/?s={search_term_string}"},"query-input":{"@type":"PropertyValueSpecification","valueRequired":true,"valueName":"search_term_string"}}],"inLanguage":"es"},{"@type":"Organization","@id":"https:\/\/wpguerssen-test.odoo.rgbconsulting.com\/es\/#organization","name":"Guerssen records","url":"https:\/\/wpguerssen-test.odoo.rgbconsulting.com\/es\/","logo":{"@type":"ImageObject","inLanguage":"es","@id":"https:\/\/wpguerssen-test.odoo.rgbconsulting.com\/es\/#\/schema\/logo\/image\/","url":"https:\/\/wpguerssen-test.odoo.rgbconsulting.com\/wp-content\/uploads\/2022\/04\/Logo_Guerssen_trans_100.png","contentUrl":"https:\/\/wpguerssen-test.odoo.rgbconsulting.com\/wp-content\/uploads\/2022\/04\/Logo_Guerssen_trans_100.png","width":122,"height":100,"caption":"Guerssen records"},"image":{"@id":"https:\/\/wpguerssen-test.odoo.rgbconsulting.com\/es\/#\/schema\/logo\/image\/"}}]}},"_links":{"self":[{"href":"https:\/\/wpguerssen-test.odoo.rgbconsulting.com\/es\/wp-json\/wp\/v2\/product\/286833","targetHints":{"allow":["GET"]}}],"collection":[{"href":"https:\/\/wpguerssen-test.odoo.rgbconsulting.com\/es\/wp-json\/wp\/v2\/product"}],"about":[{"href":"https:\/\/wpguerssen-test.odoo.rgbconsulting.com\/es\/wp-json\/wp\/v2\/types\/product"}],"wp:featuredmedia":[{"embeddable":true,"href":"https:\/\/wpguerssen-test.odoo.rgbconsulting.com\/es\/wp-json\/wp\/v2\/media\/286807"}],"wp:attachment":[{"href":"https:\/\/wpguerssen-test.odoo.rgbconsulting.com\/es\/wp-json\/wp\/v2\/media?parent=286833"}],"wp:term":[{"taxonomy":"product_brand","embeddable":true,"href":"https:\/\/wpguerssen-test.odoo.rgbconsulting.com\/es\/wp-json\/wp\/v2\/product_brand?post=286833"},{"taxonomy":"product_cat","embeddable":true,"href":"https:\/\/wpguerssen-test.odoo.rgbconsulting.com\/es\/wp-json\/wp\/v2\/product_cat?post=286833"},{"taxonomy":"product_tag","embeddable":true,"href":"https:\/\/wpguerssen-test.odoo.rgbconsulting.com\/es\/wp-json\/wp\/v2\/product_tag?post=286833"}],"curies":[{"name":"wp","href":"https:\/\/api.w.org\/{rel}","templated":true}]}}