{"id":286937,"date":"2025-04-25T00:00:00","date_gmt":"2025-04-24T22:00:00","guid":{"rendered":"https:\/\/wpguerssen-test.odoo.rgbconsulting.com\/product\/fields-2\/"},"modified":"2025-04-29T13:39:52","modified_gmt":"2025-04-29T11:39:52","slug":"fields-2","status":"publish","type":"product","link":"https:\/\/wpguerssen-test.odoo.rgbconsulting.com\/es\/producto\/fields-2\/","title":{"rendered":"Fields"},"content":{"rendered":"<p>El verano del soul se fusiona con la revoluci\u00f3n del acid rock en esta obra de 1969, originalmente licenciada por el subsello de MCA, UNI (que inclu\u00eda a artistas talentosos como Strawberry Alarm Clock, Hugh Masekela y Fever Tree). El \u00fanico \u00e1lbum del power tr\u00edo estadounidense Fields es un majestuoso blues rock, con arreglos del productor de culto Gene Page (banda sonora de Blacula, Aretha Franklin, Elton John, The Whispers, Gladys Knight, etc.). La ef\u00edmera banda angelina estuvo claramente influenciada por artistas como Cream y Vanilla Fudge, y cont\u00f3 con los coros de la hero\u00edna del Motown\/Northern Soul, Brenda Holloway, una clara muestra de su visi\u00f3n exc\u00e9ntrica.<\/p>\n","protected":false},"excerpt":{"rendered":"<p>El verano del soul se fusiona con la revoluci\u00f3n del acid rock en esta obra de 1969, originalmente licenciada por el subsello de MCA, UNI (que inclu\u00eda a artistas<a class=\"read\" href=\"https:\/\/wpguerssen-test.odoo.rgbconsulting.com\/es\/producto\/fields-2\/\"> (...)<\/a>","protected":false},"featured_media":286881,"template":"","meta":{"_acf_changed":false},"product_brand":[],"product_cat":[21639,23262],"product_tag":[24189],"class_list":{"0":"post-286937","1":"product","2":"type-product","3":"status-publish","4":"has-post-thumbnail","6":"product_cat-psychedelic60s-70s-es","7":"product_cat-blues-blues-rock-es","8":"product_tag-recien-llegadas","9":"pa_artist-fields","10":"pa_format-lp-es","11":"pa_gender-psychedelic60s-70s-blues-blues-rock","12":"pa_label-cosmic-rock-es","13":"pa_location-uk-ireland-es","14":"pa_other-filters-vinyl-only-es","16":"first","17":"instock","18":"taxable","19":"shipping-taxable","20":"purchasable","21":"product-type-simple"},"acf":[],"yoast_head":"<!-- This site is optimized with the Yoast SEO plugin v24.9 - https:\/\/yoast.com\/wordpress\/plugins\/seo\/ -->\n<title>FIELDS - Fields -  (LP) | Guerssen<\/title>\n<meta name=\"description\" content=\"The summer of soul collides with the acid rock revolution in this 1969 opus originally licensed by MCA sub label UNI (roster of talented artists such as Strawberry Alarm Clock, Hugh Masekela and Fever Tree). The sole album by US power trio Fields is a majestic blues rock effort, arranged by cultish producer Gene Page (Blacula soundtrack, Aretha Franklin, Elton John, the Whispers, Gladys Knight, etc.). The short-lived Los Angeles band was clearly influenced by the likes of Cream and Vanilla Fudge and featured backing vocals from Motown\/Northern Soul heroine Brenda Holloway, a clear sign of their eccentric vision.\" \/>\n<meta name=\"robots\" content=\"index, follow, max-snippet:-1, max-image-preview:large, max-video-preview:-1\" \/>\n<link rel=\"canonical\" href=\"https:\/\/wpguerssen-test.odoo.rgbconsulting.com\/es\/producto\/fields-2\/\" \/>\n<meta property=\"og:locale\" content=\"es_ES\" \/>\n<meta property=\"og:type\" content=\"article\" \/>\n<meta property=\"og:title\" content=\"FIELDS - Fields -  (LP) | Guerssen\" \/>\n<meta property=\"og:description\" content=\"The summer of soul collides with the acid rock revolution in this 1969 opus originally licensed by MCA sub label UNI (roster of talented artists such as Strawberry Alarm Clock, Hugh Masekela and Fever Tree). The sole album by US power trio Fields is a majestic blues rock effort, arranged by cultish producer Gene Page (Blacula soundtrack, Aretha Franklin, Elton John, the Whispers, Gladys Knight, etc.). The short-lived Los Angeles band was clearly influenced by the likes of Cream and Vanilla Fudge and featured backing vocals from Motown\/Northern Soul heroine Brenda Holloway, a clear sign of their eccentric vision.\" \/>\n<meta property=\"og:url\" content=\"https:\/\/wpguerssen-test.odoo.rgbconsulting.com\/es\/producto\/fields-2\/\" \/>\n<meta property=\"og:site_name\" content=\"Guerssen records\" \/>\n<meta property=\"article:modified_time\" content=\"2025-04-29T11:39:52+00:00\" \/>\n<meta property=\"og:image\" content=\"https:\/\/wpguerssen-test.odoo.rgbconsulting.com\/wp-content\/uploads\/2025\/04\/50379.jpg\" \/>\n\t<meta property=\"og:image:width\" content=\"1440\" \/>\n\t<meta property=\"og:image:height\" content=\"1440\" \/>\n\t<meta property=\"og:image:type\" content=\"image\/jpeg\" \/>\n<meta name=\"twitter:card\" content=\"summary_large_image\" \/>\n<meta name=\"twitter:title\" content=\"FIELDS - Fields -  (LP) | Guerssen\" \/>\n<meta name=\"twitter:label1\" content=\"Tiempo de lectura\" \/>\n\t<meta name=\"twitter:data1\" content=\"1 minuto\" \/>\n<script type=\"application\/ld+json\" class=\"yoast-schema-graph\">{\"@context\":\"https:\/\/schema.org\",\"@graph\":[{\"@type\":\"WebPage\",\"@id\":\"https:\/\/wpguerssen-test.odoo.rgbconsulting.com\/es\/producto\/fields-2\/\",\"url\":\"https:\/\/wpguerssen-test.odoo.rgbconsulting.com\/es\/producto\/fields-2\/\",\"name\":\"FIELDS - Fields - (LP) | Guerssen\",\"isPartOf\":{\"@id\":\"https:\/\/wpguerssen-test.odoo.rgbconsulting.com\/es\/#website\"},\"primaryImageOfPage\":{\"@id\":\"https:\/\/wpguerssen-test.odoo.rgbconsulting.com\/es\/producto\/fields-2\/#primaryimage\"},\"image\":{\"@id\":\"https:\/\/wpguerssen-test.odoo.rgbconsulting.com\/es\/producto\/fields-2\/#primaryimage\"},\"thumbnailUrl\":\"https:\/\/wpguerssen-test.odoo.rgbconsulting.com\/wp-content\/uploads\/2025\/04\/50379.jpg\",\"datePublished\":\"2025-04-24T22:00:00+00:00\",\"dateModified\":\"2025-04-29T11:39:52+00:00\",\"description\":\"The summer of soul collides with the acid rock revolution in this 1969 opus originally licensed by MCA sub label UNI (roster of talented artists such as Strawberry Alarm Clock, Hugh Masekela and Fever Tree). The sole album by US power trio Fields is a majestic blues rock effort, arranged by cultish producer Gene Page (Blacula soundtrack, Aretha Franklin, Elton John, the Whispers, Gladys Knight, etc.). The short-lived Los Angeles band was clearly influenced by the likes of Cream and Vanilla Fudge and featured backing vocals from Motown\/Northern Soul heroine Brenda Holloway, a clear sign of their eccentric vision.\",\"breadcrumb\":{\"@id\":\"https:\/\/wpguerssen-test.odoo.rgbconsulting.com\/es\/producto\/fields-2\/#breadcrumb\"},\"inLanguage\":\"es\",\"potentialAction\":[{\"@type\":\"ReadAction\",\"target\":[\"https:\/\/wpguerssen-test.odoo.rgbconsulting.com\/es\/producto\/fields-2\/\"]}]},{\"@type\":\"ImageObject\",\"inLanguage\":\"es\",\"@id\":\"https:\/\/wpguerssen-test.odoo.rgbconsulting.com\/es\/producto\/fields-2\/#primaryimage\",\"url\":\"https:\/\/wpguerssen-test.odoo.rgbconsulting.com\/wp-content\/uploads\/2025\/04\/50379.jpg\",\"contentUrl\":\"https:\/\/wpguerssen-test.odoo.rgbconsulting.com\/wp-content\/uploads\/2025\/04\/50379.jpg\",\"width\":1440,\"height\":1440},{\"@type\":\"BreadcrumbList\",\"@id\":\"https:\/\/wpguerssen-test.odoo.rgbconsulting.com\/es\/producto\/fields-2\/#breadcrumb\",\"itemListElement\":[{\"@type\":\"ListItem\",\"position\":1,\"name\":\"Inicio\",\"item\":\"https:\/\/wpguerssen-test.odoo.rgbconsulting.com\/es\/\"},{\"@type\":\"ListItem\",\"position\":2,\"name\":\"Shop\",\"item\":\"https:\/\/wpguerssen-test.odoo.rgbconsulting.com\/shop\/\"},{\"@type\":\"ListItem\",\"position\":3,\"name\":\"Fields\"}]},{\"@type\":\"WebSite\",\"@id\":\"https:\/\/wpguerssen-test.odoo.rgbconsulting.com\/es\/#website\",\"url\":\"https:\/\/wpguerssen-test.odoo.rgbconsulting.com\/es\/\",\"name\":\"Guerssen records\",\"description\":\"psychedelia - progressive - folk - garage \",\"publisher\":{\"@id\":\"https:\/\/wpguerssen-test.odoo.rgbconsulting.com\/es\/#organization\"},\"potentialAction\":[{\"@type\":\"SearchAction\",\"target\":{\"@type\":\"EntryPoint\",\"urlTemplate\":\"https:\/\/wpguerssen-test.odoo.rgbconsulting.com\/es\/?s={search_term_string}\"},\"query-input\":{\"@type\":\"PropertyValueSpecification\",\"valueRequired\":true,\"valueName\":\"search_term_string\"}}],\"inLanguage\":\"es\"},{\"@type\":\"Organization\",\"@id\":\"https:\/\/wpguerssen-test.odoo.rgbconsulting.com\/es\/#organization\",\"name\":\"Guerssen records\",\"url\":\"https:\/\/wpguerssen-test.odoo.rgbconsulting.com\/es\/\",\"logo\":{\"@type\":\"ImageObject\",\"inLanguage\":\"es\",\"@id\":\"https:\/\/wpguerssen-test.odoo.rgbconsulting.com\/es\/#\/schema\/logo\/image\/\",\"url\":\"https:\/\/wpguerssen-test.odoo.rgbconsulting.com\/wp-content\/uploads\/2022\/04\/Logo_Guerssen_trans_100.png\",\"contentUrl\":\"https:\/\/wpguerssen-test.odoo.rgbconsulting.com\/wp-content\/uploads\/2022\/04\/Logo_Guerssen_trans_100.png\",\"width\":122,\"height\":100,\"caption\":\"Guerssen records\"},\"image\":{\"@id\":\"https:\/\/wpguerssen-test.odoo.rgbconsulting.com\/es\/#\/schema\/logo\/image\/\"}}]}<\/script>\n<!-- \/ Yoast SEO plugin. -->","yoast_head_json":{"title":"FIELDS - Fields -  (LP) | Guerssen","description":"The summer of soul collides with the acid rock revolution in this 1969 opus originally licensed by MCA sub label UNI (roster of talented artists such as Strawberry Alarm Clock, Hugh Masekela and Fever Tree). The sole album by US power trio Fields is a majestic blues rock effort, arranged by cultish producer Gene Page (Blacula soundtrack, Aretha Franklin, Elton John, the Whispers, Gladys Knight, etc.). The short-lived Los Angeles band was clearly influenced by the likes of Cream and Vanilla Fudge and featured backing vocals from Motown\/Northern Soul heroine Brenda Holloway, a clear sign of their eccentric vision.","robots":{"index":"index","follow":"follow","max-snippet":"max-snippet:-1","max-image-preview":"max-image-preview:large","max-video-preview":"max-video-preview:-1"},"canonical":"https:\/\/wpguerssen-test.odoo.rgbconsulting.com\/es\/producto\/fields-2\/","og_locale":"es_ES","og_type":"article","og_title":"FIELDS - Fields -  (LP) | Guerssen","og_description":"The summer of soul collides with the acid rock revolution in this 1969 opus originally licensed by MCA sub label UNI (roster of talented artists such as Strawberry Alarm Clock, Hugh Masekela and Fever Tree). The sole album by US power trio Fields is a majestic blues rock effort, arranged by cultish producer Gene Page (Blacula soundtrack, Aretha Franklin, Elton John, the Whispers, Gladys Knight, etc.). The short-lived Los Angeles band was clearly influenced by the likes of Cream and Vanilla Fudge and featured backing vocals from Motown\/Northern Soul heroine Brenda Holloway, a clear sign of their eccentric vision.","og_url":"https:\/\/wpguerssen-test.odoo.rgbconsulting.com\/es\/producto\/fields-2\/","og_site_name":"Guerssen records","article_modified_time":"2025-04-29T11:39:52+00:00","og_image":[{"width":1440,"height":1440,"url":"https:\/\/wpguerssen-test.odoo.rgbconsulting.com\/wp-content\/uploads\/2025\/04\/50379.jpg","type":"image\/jpeg"}],"twitter_card":"summary_large_image","twitter_title":"FIELDS - Fields -  (LP) | Guerssen","twitter_misc":{"Tiempo de lectura":"1 minuto"},"schema":{"@context":"https:\/\/schema.org","@graph":[{"@type":"WebPage","@id":"https:\/\/wpguerssen-test.odoo.rgbconsulting.com\/es\/producto\/fields-2\/","url":"https:\/\/wpguerssen-test.odoo.rgbconsulting.com\/es\/producto\/fields-2\/","name":"FIELDS - Fields - (LP) | Guerssen","isPartOf":{"@id":"https:\/\/wpguerssen-test.odoo.rgbconsulting.com\/es\/#website"},"primaryImageOfPage":{"@id":"https:\/\/wpguerssen-test.odoo.rgbconsulting.com\/es\/producto\/fields-2\/#primaryimage"},"image":{"@id":"https:\/\/wpguerssen-test.odoo.rgbconsulting.com\/es\/producto\/fields-2\/#primaryimage"},"thumbnailUrl":"https:\/\/wpguerssen-test.odoo.rgbconsulting.com\/wp-content\/uploads\/2025\/04\/50379.jpg","datePublished":"2025-04-24T22:00:00+00:00","dateModified":"2025-04-29T11:39:52+00:00","description":"The summer of soul collides with the acid rock revolution in this 1969 opus originally licensed by MCA sub label UNI (roster of talented artists such as Strawberry Alarm Clock, Hugh Masekela and Fever Tree). The sole album by US power trio Fields is a majestic blues rock effort, arranged by cultish producer Gene Page (Blacula soundtrack, Aretha Franklin, Elton John, the Whispers, Gladys Knight, etc.). The short-lived Los Angeles band was clearly influenced by the likes of Cream and Vanilla Fudge and featured backing vocals from Motown\/Northern Soul heroine Brenda Holloway, a clear sign of their eccentric vision.","breadcrumb":{"@id":"https:\/\/wpguerssen-test.odoo.rgbconsulting.com\/es\/producto\/fields-2\/#breadcrumb"},"inLanguage":"es","potentialAction":[{"@type":"ReadAction","target":["https:\/\/wpguerssen-test.odoo.rgbconsulting.com\/es\/producto\/fields-2\/"]}]},{"@type":"ImageObject","inLanguage":"es","@id":"https:\/\/wpguerssen-test.odoo.rgbconsulting.com\/es\/producto\/fields-2\/#primaryimage","url":"https:\/\/wpguerssen-test.odoo.rgbconsulting.com\/wp-content\/uploads\/2025\/04\/50379.jpg","contentUrl":"https:\/\/wpguerssen-test.odoo.rgbconsulting.com\/wp-content\/uploads\/2025\/04\/50379.jpg","width":1440,"height":1440},{"@type":"BreadcrumbList","@id":"https:\/\/wpguerssen-test.odoo.rgbconsulting.com\/es\/producto\/fields-2\/#breadcrumb","itemListElement":[{"@type":"ListItem","position":1,"name":"Inicio","item":"https:\/\/wpguerssen-test.odoo.rgbconsulting.com\/es\/"},{"@type":"ListItem","position":2,"name":"Shop","item":"https:\/\/wpguerssen-test.odoo.rgbconsulting.com\/shop\/"},{"@type":"ListItem","position":3,"name":"Fields"}]},{"@type":"WebSite","@id":"https:\/\/wpguerssen-test.odoo.rgbconsulting.com\/es\/#website","url":"https:\/\/wpguerssen-test.odoo.rgbconsulting.com\/es\/","name":"Guerssen records","description":"psychedelia - progressive - folk - garage ","publisher":{"@id":"https:\/\/wpguerssen-test.odoo.rgbconsulting.com\/es\/#organization"},"potentialAction":[{"@type":"SearchAction","target":{"@type":"EntryPoint","urlTemplate":"https:\/\/wpguerssen-test.odoo.rgbconsulting.com\/es\/?s={search_term_string}"},"query-input":{"@type":"PropertyValueSpecification","valueRequired":true,"valueName":"search_term_string"}}],"inLanguage":"es"},{"@type":"Organization","@id":"https:\/\/wpguerssen-test.odoo.rgbconsulting.com\/es\/#organization","name":"Guerssen records","url":"https:\/\/wpguerssen-test.odoo.rgbconsulting.com\/es\/","logo":{"@type":"ImageObject","inLanguage":"es","@id":"https:\/\/wpguerssen-test.odoo.rgbconsulting.com\/es\/#\/schema\/logo\/image\/","url":"https:\/\/wpguerssen-test.odoo.rgbconsulting.com\/wp-content\/uploads\/2022\/04\/Logo_Guerssen_trans_100.png","contentUrl":"https:\/\/wpguerssen-test.odoo.rgbconsulting.com\/wp-content\/uploads\/2022\/04\/Logo_Guerssen_trans_100.png","width":122,"height":100,"caption":"Guerssen records"},"image":{"@id":"https:\/\/wpguerssen-test.odoo.rgbconsulting.com\/es\/#\/schema\/logo\/image\/"}}]}},"_links":{"self":[{"href":"https:\/\/wpguerssen-test.odoo.rgbconsulting.com\/es\/wp-json\/wp\/v2\/product\/286937","targetHints":{"allow":["GET"]}}],"collection":[{"href":"https:\/\/wpguerssen-test.odoo.rgbconsulting.com\/es\/wp-json\/wp\/v2\/product"}],"about":[{"href":"https:\/\/wpguerssen-test.odoo.rgbconsulting.com\/es\/wp-json\/wp\/v2\/types\/product"}],"wp:featuredmedia":[{"embeddable":true,"href":"https:\/\/wpguerssen-test.odoo.rgbconsulting.com\/es\/wp-json\/wp\/v2\/media\/286881"}],"wp:attachment":[{"href":"https:\/\/wpguerssen-test.odoo.rgbconsulting.com\/es\/wp-json\/wp\/v2\/media?parent=286937"}],"wp:term":[{"taxonomy":"product_brand","embeddable":true,"href":"https:\/\/wpguerssen-test.odoo.rgbconsulting.com\/es\/wp-json\/wp\/v2\/product_brand?post=286937"},{"taxonomy":"product_cat","embeddable":true,"href":"https:\/\/wpguerssen-test.odoo.rgbconsulting.com\/es\/wp-json\/wp\/v2\/product_cat?post=286937"},{"taxonomy":"product_tag","embeddable":true,"href":"https:\/\/wpguerssen-test.odoo.rgbconsulting.com\/es\/wp-json\/wp\/v2\/product_tag?post=286937"}],"curies":[{"name":"wp","href":"https:\/\/api.w.org\/{rel}","templated":true}]}}