{"id":287099,"date":"2025-04-25T00:00:00","date_gmt":"2025-04-24T22:00:00","guid":{"rendered":"https:\/\/wpguerssen-test.odoo.rgbconsulting.com\/product\/big-ben-strikes-again-clear-vinyl\/"},"modified":"2025-04-29T13:40:07","modified_gmt":"2025-04-29T11:40:07","slug":"big-ben-strikes-again-clear-vinyl","status":"publish","type":"product","link":"https:\/\/wpguerssen-test.odoo.rgbconsulting.com\/es\/producto\/big-ben-strikes-again-clear-vinyl\/","title":{"rendered":"Big Ben Strikes Again (Clear vinyl)"},"content":{"rendered":"<p>Jorge Ben es uno de los m\u00e1s grandes m\u00fasicos y compositores brasile\u00f1os vivos. \u00abBig Ben Strikes Again\u00bb, publicado originalmente en 1967 por Phillips, incluye muchas de sus primeras composiciones. Con el acompa\u00f1amiento de una gran orquesta, la c\u00e1lida y emotiva voz de Ben brilla en un programa musical con un ritmo vibrante. Fue entonces cuando el singular estilo de samba de Ben se fusion\u00f3 con \u00e9xito con pegadizos arreglos de jazz. El resultado es un \u00e1lbum fant\u00e1stico lleno de exquisitas canciones bailables.<\/p>\n","protected":false},"excerpt":{"rendered":"<p>Jorge Ben es uno de los m\u00e1s grandes m\u00fasicos y compositores brasile\u00f1os vivos. \u00abBig Ben Strikes Again\u00bb, publicado originalmente en 1967 por Phillips, incluye muchas<a class=\"read\" href=\"https:\/\/wpguerssen-test.odoo.rgbconsulting.com\/es\/producto\/big-ben-strikes-again-clear-vinyl\/\"> (...)<\/a>","protected":false},"featured_media":287053,"template":"","meta":{"_acf_changed":false},"product_brand":[],"product_cat":[24508,23231],"product_tag":[24189],"class_list":{"0":"post-287099","1":"product","2":"type-product","3":"status-publish","4":"has-post-thumbnail","6":"product_cat-uncategorized","7":"product_cat-latin-brazilian-es","8":"product_tag-recien-llegadas","9":"pa_artist-ben-jorge-es","10":"pa_format-lp-es","11":"pa_gender-latin-brazilian","12":"pa_label-sowing-records","13":"pa_location-south-america-caribbean-es","14":"pa_other-filters-vinyl-only-es","16":"first","17":"instock","18":"taxable","19":"shipping-taxable","20":"purchasable","21":"product-type-simple"},"acf":[],"yoast_head":"<!-- This site is optimized with the Yoast SEO plugin v24.9 - https:\/\/yoast.com\/wordpress\/plugins\/seo\/ -->\n<title>BEN, Jorge - Big Ben Strikes Again (Clear vinyl) -  (LP) | Guerssen<\/title>\n<meta name=\"description\" content=\"Jorge Ben is one of the greatest living Brazilian musicians and songwriters. &quot;Big Ben Strikes Again&quot;, originally released in 1967 on Phillips, includes many of his early compositions. Backed by a big orchestra Ben&#039;s warm, emotional voice shines through a very swinging song programme. This is when Ben&#039;s unique samba style was successfully flirting with catchy jazz arrangements. The result is a fantastic album full of exquisite, danceable songs.\" \/>\n<meta name=\"robots\" content=\"index, follow, max-snippet:-1, max-image-preview:large, max-video-preview:-1\" \/>\n<link rel=\"canonical\" href=\"https:\/\/wpguerssen-test.odoo.rgbconsulting.com\/es\/producto\/big-ben-strikes-again-clear-vinyl\/\" \/>\n<meta property=\"og:locale\" content=\"es_ES\" \/>\n<meta property=\"og:type\" content=\"article\" \/>\n<meta property=\"og:title\" content=\"BEN, Jorge - Big Ben Strikes Again (Clear vinyl) -  (LP) | Guerssen\" \/>\n<meta property=\"og:description\" content=\"Jorge Ben is one of the greatest living Brazilian musicians and songwriters. &quot;Big Ben Strikes Again&quot;, originally released in 1967 on Phillips, includes many of his early compositions. Backed by a big orchestra Ben&#039;s warm, emotional voice shines through a very swinging song programme. This is when Ben&#039;s unique samba style was successfully flirting with catchy jazz arrangements. The result is a fantastic album full of exquisite, danceable songs.\" \/>\n<meta property=\"og:url\" content=\"https:\/\/wpguerssen-test.odoo.rgbconsulting.com\/es\/producto\/big-ben-strikes-again-clear-vinyl\/\" \/>\n<meta property=\"og:site_name\" content=\"Guerssen records\" \/>\n<meta property=\"article:modified_time\" content=\"2025-04-29T11:40:07+00:00\" \/>\n<meta property=\"og:image\" content=\"https:\/\/wpguerssen-test.odoo.rgbconsulting.com\/wp-content\/uploads\/2025\/04\/50413.jpg\" \/>\n\t<meta property=\"og:image:width\" content=\"1440\" \/>\n\t<meta property=\"og:image:height\" content=\"1440\" \/>\n\t<meta property=\"og:image:type\" content=\"image\/jpeg\" \/>\n<meta name=\"twitter:card\" content=\"summary_large_image\" \/>\n<meta name=\"twitter:title\" content=\"BEN, Jorge - Big Ben Strikes Again (Clear vinyl) -  (LP) | Guerssen\" \/>\n<script type=\"application\/ld+json\" class=\"yoast-schema-graph\">{\"@context\":\"https:\/\/schema.org\",\"@graph\":[{\"@type\":\"WebPage\",\"@id\":\"https:\/\/wpguerssen-test.odoo.rgbconsulting.com\/es\/producto\/big-ben-strikes-again-clear-vinyl\/\",\"url\":\"https:\/\/wpguerssen-test.odoo.rgbconsulting.com\/es\/producto\/big-ben-strikes-again-clear-vinyl\/\",\"name\":\"BEN, Jorge - Big Ben Strikes Again (Clear vinyl) - (LP) | Guerssen\",\"isPartOf\":{\"@id\":\"https:\/\/wpguerssen-test.odoo.rgbconsulting.com\/es\/#website\"},\"primaryImageOfPage\":{\"@id\":\"https:\/\/wpguerssen-test.odoo.rgbconsulting.com\/es\/producto\/big-ben-strikes-again-clear-vinyl\/#primaryimage\"},\"image\":{\"@id\":\"https:\/\/wpguerssen-test.odoo.rgbconsulting.com\/es\/producto\/big-ben-strikes-again-clear-vinyl\/#primaryimage\"},\"thumbnailUrl\":\"https:\/\/wpguerssen-test.odoo.rgbconsulting.com\/wp-content\/uploads\/2025\/04\/50413.jpg\",\"datePublished\":\"2025-04-24T22:00:00+00:00\",\"dateModified\":\"2025-04-29T11:40:07+00:00\",\"description\":\"Jorge Ben is one of the greatest living Brazilian musicians and songwriters. \\\"Big Ben Strikes Again\\\", originally released in 1967 on Phillips, includes many of his early compositions. Backed by a big orchestra Ben's warm, emotional voice shines through a very swinging song programme. This is when Ben's unique samba style was successfully flirting with catchy jazz arrangements. The result is a fantastic album full of exquisite, danceable songs.\",\"breadcrumb\":{\"@id\":\"https:\/\/wpguerssen-test.odoo.rgbconsulting.com\/es\/producto\/big-ben-strikes-again-clear-vinyl\/#breadcrumb\"},\"inLanguage\":\"es\",\"potentialAction\":[{\"@type\":\"ReadAction\",\"target\":[\"https:\/\/wpguerssen-test.odoo.rgbconsulting.com\/es\/producto\/big-ben-strikes-again-clear-vinyl\/\"]}]},{\"@type\":\"ImageObject\",\"inLanguage\":\"es\",\"@id\":\"https:\/\/wpguerssen-test.odoo.rgbconsulting.com\/es\/producto\/big-ben-strikes-again-clear-vinyl\/#primaryimage\",\"url\":\"https:\/\/wpguerssen-test.odoo.rgbconsulting.com\/wp-content\/uploads\/2025\/04\/50413.jpg\",\"contentUrl\":\"https:\/\/wpguerssen-test.odoo.rgbconsulting.com\/wp-content\/uploads\/2025\/04\/50413.jpg\",\"width\":1440,\"height\":1440,\"caption\":\"Jorge - Big Ben Strikes Again (Clear vinyl) - SOWING RECORDS (LP) | Guerssen\"},{\"@type\":\"BreadcrumbList\",\"@id\":\"https:\/\/wpguerssen-test.odoo.rgbconsulting.com\/es\/producto\/big-ben-strikes-again-clear-vinyl\/#breadcrumb\",\"itemListElement\":[{\"@type\":\"ListItem\",\"position\":1,\"name\":\"Inicio\",\"item\":\"https:\/\/wpguerssen-test.odoo.rgbconsulting.com\/es\/\"},{\"@type\":\"ListItem\",\"position\":2,\"name\":\"Shop\",\"item\":\"https:\/\/wpguerssen-test.odoo.rgbconsulting.com\/shop\/\"},{\"@type\":\"ListItem\",\"position\":3,\"name\":\"Big Ben Strikes Again (Clear vinyl)\"}]},{\"@type\":\"WebSite\",\"@id\":\"https:\/\/wpguerssen-test.odoo.rgbconsulting.com\/es\/#website\",\"url\":\"https:\/\/wpguerssen-test.odoo.rgbconsulting.com\/es\/\",\"name\":\"Guerssen records\",\"description\":\"psychedelia - progressive - folk - garage \",\"publisher\":{\"@id\":\"https:\/\/wpguerssen-test.odoo.rgbconsulting.com\/es\/#organization\"},\"potentialAction\":[{\"@type\":\"SearchAction\",\"target\":{\"@type\":\"EntryPoint\",\"urlTemplate\":\"https:\/\/wpguerssen-test.odoo.rgbconsulting.com\/es\/?s={search_term_string}\"},\"query-input\":{\"@type\":\"PropertyValueSpecification\",\"valueRequired\":true,\"valueName\":\"search_term_string\"}}],\"inLanguage\":\"es\"},{\"@type\":\"Organization\",\"@id\":\"https:\/\/wpguerssen-test.odoo.rgbconsulting.com\/es\/#organization\",\"name\":\"Guerssen records\",\"url\":\"https:\/\/wpguerssen-test.odoo.rgbconsulting.com\/es\/\",\"logo\":{\"@type\":\"ImageObject\",\"inLanguage\":\"es\",\"@id\":\"https:\/\/wpguerssen-test.odoo.rgbconsulting.com\/es\/#\/schema\/logo\/image\/\",\"url\":\"https:\/\/wpguerssen-test.odoo.rgbconsulting.com\/wp-content\/uploads\/2022\/04\/Logo_Guerssen_trans_100.png\",\"contentUrl\":\"https:\/\/wpguerssen-test.odoo.rgbconsulting.com\/wp-content\/uploads\/2022\/04\/Logo_Guerssen_trans_100.png\",\"width\":122,\"height\":100,\"caption\":\"Guerssen records\"},\"image\":{\"@id\":\"https:\/\/wpguerssen-test.odoo.rgbconsulting.com\/es\/#\/schema\/logo\/image\/\"}}]}<\/script>\n<!-- \/ Yoast SEO plugin. -->","yoast_head_json":{"title":"BEN, Jorge - Big Ben Strikes Again (Clear vinyl) -  (LP) | Guerssen","description":"Jorge Ben is one of the greatest living Brazilian musicians and songwriters. \"Big Ben Strikes Again\", originally released in 1967 on Phillips, includes many of his early compositions. Backed by a big orchestra Ben's warm, emotional voice shines through a very swinging song programme. This is when Ben's unique samba style was successfully flirting with catchy jazz arrangements. The result is a fantastic album full of exquisite, danceable songs.","robots":{"index":"index","follow":"follow","max-snippet":"max-snippet:-1","max-image-preview":"max-image-preview:large","max-video-preview":"max-video-preview:-1"},"canonical":"https:\/\/wpguerssen-test.odoo.rgbconsulting.com\/es\/producto\/big-ben-strikes-again-clear-vinyl\/","og_locale":"es_ES","og_type":"article","og_title":"BEN, Jorge - Big Ben Strikes Again (Clear vinyl) -  (LP) | Guerssen","og_description":"Jorge Ben is one of the greatest living Brazilian musicians and songwriters. \"Big Ben Strikes Again\", originally released in 1967 on Phillips, includes many of his early compositions. Backed by a big orchestra Ben's warm, emotional voice shines through a very swinging song programme. This is when Ben's unique samba style was successfully flirting with catchy jazz arrangements. The result is a fantastic album full of exquisite, danceable songs.","og_url":"https:\/\/wpguerssen-test.odoo.rgbconsulting.com\/es\/producto\/big-ben-strikes-again-clear-vinyl\/","og_site_name":"Guerssen records","article_modified_time":"2025-04-29T11:40:07+00:00","og_image":[{"width":1440,"height":1440,"url":"https:\/\/wpguerssen-test.odoo.rgbconsulting.com\/wp-content\/uploads\/2025\/04\/50413.jpg","type":"image\/jpeg"}],"twitter_card":"summary_large_image","twitter_title":"BEN, Jorge - Big Ben Strikes Again (Clear vinyl) -  (LP) | Guerssen","schema":{"@context":"https:\/\/schema.org","@graph":[{"@type":"WebPage","@id":"https:\/\/wpguerssen-test.odoo.rgbconsulting.com\/es\/producto\/big-ben-strikes-again-clear-vinyl\/","url":"https:\/\/wpguerssen-test.odoo.rgbconsulting.com\/es\/producto\/big-ben-strikes-again-clear-vinyl\/","name":"BEN, Jorge - Big Ben Strikes Again (Clear vinyl) - (LP) | Guerssen","isPartOf":{"@id":"https:\/\/wpguerssen-test.odoo.rgbconsulting.com\/es\/#website"},"primaryImageOfPage":{"@id":"https:\/\/wpguerssen-test.odoo.rgbconsulting.com\/es\/producto\/big-ben-strikes-again-clear-vinyl\/#primaryimage"},"image":{"@id":"https:\/\/wpguerssen-test.odoo.rgbconsulting.com\/es\/producto\/big-ben-strikes-again-clear-vinyl\/#primaryimage"},"thumbnailUrl":"https:\/\/wpguerssen-test.odoo.rgbconsulting.com\/wp-content\/uploads\/2025\/04\/50413.jpg","datePublished":"2025-04-24T22:00:00+00:00","dateModified":"2025-04-29T11:40:07+00:00","description":"Jorge Ben is one of the greatest living Brazilian musicians and songwriters. \"Big Ben Strikes Again\", originally released in 1967 on Phillips, includes many of his early compositions. Backed by a big orchestra Ben's warm, emotional voice shines through a very swinging song programme. This is when Ben's unique samba style was successfully flirting with catchy jazz arrangements. The result is a fantastic album full of exquisite, danceable songs.","breadcrumb":{"@id":"https:\/\/wpguerssen-test.odoo.rgbconsulting.com\/es\/producto\/big-ben-strikes-again-clear-vinyl\/#breadcrumb"},"inLanguage":"es","potentialAction":[{"@type":"ReadAction","target":["https:\/\/wpguerssen-test.odoo.rgbconsulting.com\/es\/producto\/big-ben-strikes-again-clear-vinyl\/"]}]},{"@type":"ImageObject","inLanguage":"es","@id":"https:\/\/wpguerssen-test.odoo.rgbconsulting.com\/es\/producto\/big-ben-strikes-again-clear-vinyl\/#primaryimage","url":"https:\/\/wpguerssen-test.odoo.rgbconsulting.com\/wp-content\/uploads\/2025\/04\/50413.jpg","contentUrl":"https:\/\/wpguerssen-test.odoo.rgbconsulting.com\/wp-content\/uploads\/2025\/04\/50413.jpg","width":1440,"height":1440,"caption":"Jorge - Big Ben Strikes Again (Clear vinyl) - SOWING RECORDS (LP) | Guerssen"},{"@type":"BreadcrumbList","@id":"https:\/\/wpguerssen-test.odoo.rgbconsulting.com\/es\/producto\/big-ben-strikes-again-clear-vinyl\/#breadcrumb","itemListElement":[{"@type":"ListItem","position":1,"name":"Inicio","item":"https:\/\/wpguerssen-test.odoo.rgbconsulting.com\/es\/"},{"@type":"ListItem","position":2,"name":"Shop","item":"https:\/\/wpguerssen-test.odoo.rgbconsulting.com\/shop\/"},{"@type":"ListItem","position":3,"name":"Big Ben Strikes Again (Clear vinyl)"}]},{"@type":"WebSite","@id":"https:\/\/wpguerssen-test.odoo.rgbconsulting.com\/es\/#website","url":"https:\/\/wpguerssen-test.odoo.rgbconsulting.com\/es\/","name":"Guerssen records","description":"psychedelia - progressive - folk - garage ","publisher":{"@id":"https:\/\/wpguerssen-test.odoo.rgbconsulting.com\/es\/#organization"},"potentialAction":[{"@type":"SearchAction","target":{"@type":"EntryPoint","urlTemplate":"https:\/\/wpguerssen-test.odoo.rgbconsulting.com\/es\/?s={search_term_string}"},"query-input":{"@type":"PropertyValueSpecification","valueRequired":true,"valueName":"search_term_string"}}],"inLanguage":"es"},{"@type":"Organization","@id":"https:\/\/wpguerssen-test.odoo.rgbconsulting.com\/es\/#organization","name":"Guerssen records","url":"https:\/\/wpguerssen-test.odoo.rgbconsulting.com\/es\/","logo":{"@type":"ImageObject","inLanguage":"es","@id":"https:\/\/wpguerssen-test.odoo.rgbconsulting.com\/es\/#\/schema\/logo\/image\/","url":"https:\/\/wpguerssen-test.odoo.rgbconsulting.com\/wp-content\/uploads\/2022\/04\/Logo_Guerssen_trans_100.png","contentUrl":"https:\/\/wpguerssen-test.odoo.rgbconsulting.com\/wp-content\/uploads\/2022\/04\/Logo_Guerssen_trans_100.png","width":122,"height":100,"caption":"Guerssen records"},"image":{"@id":"https:\/\/wpguerssen-test.odoo.rgbconsulting.com\/es\/#\/schema\/logo\/image\/"}}]}},"_links":{"self":[{"href":"https:\/\/wpguerssen-test.odoo.rgbconsulting.com\/es\/wp-json\/wp\/v2\/product\/287099","targetHints":{"allow":["GET"]}}],"collection":[{"href":"https:\/\/wpguerssen-test.odoo.rgbconsulting.com\/es\/wp-json\/wp\/v2\/product"}],"about":[{"href":"https:\/\/wpguerssen-test.odoo.rgbconsulting.com\/es\/wp-json\/wp\/v2\/types\/product"}],"wp:featuredmedia":[{"embeddable":true,"href":"https:\/\/wpguerssen-test.odoo.rgbconsulting.com\/es\/wp-json\/wp\/v2\/media\/287053"}],"wp:attachment":[{"href":"https:\/\/wpguerssen-test.odoo.rgbconsulting.com\/es\/wp-json\/wp\/v2\/media?parent=287099"}],"wp:term":[{"taxonomy":"product_brand","embeddable":true,"href":"https:\/\/wpguerssen-test.odoo.rgbconsulting.com\/es\/wp-json\/wp\/v2\/product_brand?post=287099"},{"taxonomy":"product_cat","embeddable":true,"href":"https:\/\/wpguerssen-test.odoo.rgbconsulting.com\/es\/wp-json\/wp\/v2\/product_cat?post=287099"},{"taxonomy":"product_tag","embeddable":true,"href":"https:\/\/wpguerssen-test.odoo.rgbconsulting.com\/es\/wp-json\/wp\/v2\/product_tag?post=287099"}],"curies":[{"name":"wp","href":"https:\/\/api.w.org\/{rel}","templated":true}]}}