{"id":287101,"date":"2025-04-25T00:00:00","date_gmt":"2025-04-24T22:00:00","guid":{"rendered":"https:\/\/wpguerssen-test.odoo.rgbconsulting.com\/product\/tranes-reign-clear-vinyl\/"},"modified":"2025-04-29T13:40:12","modified_gmt":"2025-04-29T11:40:12","slug":"tranes-reign-clear-vinyl","status":"publish","type":"product","link":"https:\/\/wpguerssen-test.odoo.rgbconsulting.com\/es\/producto\/tranes-reign-clear-vinyl\/","title":{"rendered":"Trane&#8217;s Reign (Clear Vinyl)"},"content":{"rendered":"<p>Grabado en marzo de 1958 y publicado unos a\u00f1os despu\u00e9s en Prestige, este \u00e1lbum presenta a John Coltrane, el joven y futuro gigante del saxof\u00f3n, al frente de un cuarteto con dos compa\u00f1eros cercanos de la banda de Miles Davis, el pianista Red Garland y el bajista Paul Chambers, y Art Taylor en la bater\u00eda. Una banda de acompa\u00f1amiento potente y contundente para los primeros intentos de Coltrane por desafiar los l\u00edmites de la tradici\u00f3n del bop. \u00abTrane&#8217;s Reign\u00bb consta de cuatro temas largos, incluyendo \u00abLittle Melonae\u00bb, la canci\u00f3n original de Jackie McClean. Una introducci\u00f3n perfecta al reinado inicial de John Coltrane.<\/p>\n","protected":false},"excerpt":{"rendered":"<p>Grabado en marzo de 1958 y publicado unos a\u00f1os despu\u00e9s en Prestige, este \u00e1lbum presenta a John Coltrane, el joven y futuro gigante del saxof\u00f3n, al frente de un<a class=\"read\" href=\"https:\/\/wpguerssen-test.odoo.rgbconsulting.com\/es\/producto\/tranes-reign-clear-vinyl\/\"> (...)<\/a>","protected":false},"featured_media":287059,"template":"","meta":{"_acf_changed":false},"product_brand":[],"product_cat":[24508,23227],"product_tag":[24189],"class_list":{"0":"post-287101","1":"product","2":"type-product","3":"status-publish","4":"has-post-thumbnail","6":"product_cat-uncategorized","7":"product_cat-jazz-es","8":"product_tag-recien-llegadas","9":"pa_artist-coltrane-john-es","10":"pa_format-lp-es","11":"pa_gender-jazz","12":"pa_label-sowing-records","13":"pa_location-north-america-es","14":"pa_other-filters-vinyl-only-es","16":"first","17":"instock","18":"taxable","19":"shipping-taxable","20":"purchasable","21":"product-type-simple"},"acf":[],"yoast_head":"<!-- This site is optimized with the Yoast SEO plugin v24.9 - https:\/\/yoast.com\/wordpress\/plugins\/seo\/ -->\n<title>COLTRANE, John - Trane&#039;s Reign (Clear Vinyl) -  (LP) | Guerssen<\/title>\n<meta name=\"description\" content=\"Recorded in March 1958 and released a few years later on Prestige, this album sees John Coltrane, the young and future sax giant at the head of a quartet featuring two close partners from the Miles Davis band, pianist Red Garland and bassist Paul Chambers, and Art Taylor on drums. A super-tight, powerful backing band for Coltrane&#039;s early attempts to push the boundaries of the bop tradition. &quot;Trane&#039;s Reign&quot; consists of four long tracks including Jackie McClean&#039;s original &quot;Little Melonae&quot;. A perfect introduction to the early reign of John Coltrane.\" \/>\n<meta name=\"robots\" content=\"index, follow, max-snippet:-1, max-image-preview:large, max-video-preview:-1\" \/>\n<link rel=\"canonical\" href=\"https:\/\/wpguerssen-test.odoo.rgbconsulting.com\/es\/producto\/tranes-reign-clear-vinyl\/\" \/>\n<meta property=\"og:locale\" content=\"es_ES\" \/>\n<meta property=\"og:type\" content=\"article\" \/>\n<meta property=\"og:title\" content=\"COLTRANE, John - Trane&#039;s Reign (Clear Vinyl) -  (LP) | Guerssen\" \/>\n<meta property=\"og:description\" content=\"Recorded in March 1958 and released a few years later on Prestige, this album sees John Coltrane, the young and future sax giant at the head of a quartet featuring two close partners from the Miles Davis band, pianist Red Garland and bassist Paul Chambers, and Art Taylor on drums. A super-tight, powerful backing band for Coltrane&#039;s early attempts to push the boundaries of the bop tradition. &quot;Trane&#039;s Reign&quot; consists of four long tracks including Jackie McClean&#039;s original &quot;Little Melonae&quot;. A perfect introduction to the early reign of John Coltrane.\" \/>\n<meta property=\"og:url\" content=\"https:\/\/wpguerssen-test.odoo.rgbconsulting.com\/es\/producto\/tranes-reign-clear-vinyl\/\" \/>\n<meta property=\"og:site_name\" content=\"Guerssen records\" \/>\n<meta property=\"article:modified_time\" content=\"2025-04-29T11:40:12+00:00\" \/>\n<meta property=\"og:image\" content=\"https:\/\/wpguerssen-test.odoo.rgbconsulting.com\/wp-content\/uploads\/2025\/04\/50415.jpg\" \/>\n\t<meta property=\"og:image:width\" content=\"1440\" \/>\n\t<meta property=\"og:image:height\" content=\"1440\" \/>\n\t<meta property=\"og:image:type\" content=\"image\/jpeg\" \/>\n<meta name=\"twitter:card\" content=\"summary_large_image\" \/>\n<meta name=\"twitter:title\" content=\"COLTRANE, John - Trane&#039;s Reign (Clear Vinyl) -  (LP) | Guerssen\" \/>\n<meta name=\"twitter:label1\" content=\"Tiempo de lectura\" \/>\n\t<meta name=\"twitter:data1\" content=\"1 minuto\" \/>\n<script type=\"application\/ld+json\" class=\"yoast-schema-graph\">{\"@context\":\"https:\/\/schema.org\",\"@graph\":[{\"@type\":\"WebPage\",\"@id\":\"https:\/\/wpguerssen-test.odoo.rgbconsulting.com\/es\/producto\/tranes-reign-clear-vinyl\/\",\"url\":\"https:\/\/wpguerssen-test.odoo.rgbconsulting.com\/es\/producto\/tranes-reign-clear-vinyl\/\",\"name\":\"COLTRANE, John - Trane's Reign (Clear Vinyl) - (LP) | Guerssen\",\"isPartOf\":{\"@id\":\"https:\/\/wpguerssen-test.odoo.rgbconsulting.com\/es\/#website\"},\"primaryImageOfPage\":{\"@id\":\"https:\/\/wpguerssen-test.odoo.rgbconsulting.com\/es\/producto\/tranes-reign-clear-vinyl\/#primaryimage\"},\"image\":{\"@id\":\"https:\/\/wpguerssen-test.odoo.rgbconsulting.com\/es\/producto\/tranes-reign-clear-vinyl\/#primaryimage\"},\"thumbnailUrl\":\"https:\/\/wpguerssen-test.odoo.rgbconsulting.com\/wp-content\/uploads\/2025\/04\/50415.jpg\",\"datePublished\":\"2025-04-24T22:00:00+00:00\",\"dateModified\":\"2025-04-29T11:40:12+00:00\",\"description\":\"Recorded in March 1958 and released a few years later on Prestige, this album sees John Coltrane, the young and future sax giant at the head of a quartet featuring two close partners from the Miles Davis band, pianist Red Garland and bassist Paul Chambers, and Art Taylor on drums. A super-tight, powerful backing band for Coltrane's early attempts to push the boundaries of the bop tradition. \\\"Trane's Reign\\\" consists of four long tracks including Jackie McClean's original \\\"Little Melonae\\\". A perfect introduction to the early reign of John Coltrane.\",\"breadcrumb\":{\"@id\":\"https:\/\/wpguerssen-test.odoo.rgbconsulting.com\/es\/producto\/tranes-reign-clear-vinyl\/#breadcrumb\"},\"inLanguage\":\"es\",\"potentialAction\":[{\"@type\":\"ReadAction\",\"target\":[\"https:\/\/wpguerssen-test.odoo.rgbconsulting.com\/es\/producto\/tranes-reign-clear-vinyl\/\"]}]},{\"@type\":\"ImageObject\",\"inLanguage\":\"es\",\"@id\":\"https:\/\/wpguerssen-test.odoo.rgbconsulting.com\/es\/producto\/tranes-reign-clear-vinyl\/#primaryimage\",\"url\":\"https:\/\/wpguerssen-test.odoo.rgbconsulting.com\/wp-content\/uploads\/2025\/04\/50415.jpg\",\"contentUrl\":\"https:\/\/wpguerssen-test.odoo.rgbconsulting.com\/wp-content\/uploads\/2025\/04\/50415.jpg\",\"width\":1440,\"height\":1440,\"caption\":\"John - Trane's Reign (Clear Vinyl) - SOWING RECORDS (LP) | Guerssen\"},{\"@type\":\"BreadcrumbList\",\"@id\":\"https:\/\/wpguerssen-test.odoo.rgbconsulting.com\/es\/producto\/tranes-reign-clear-vinyl\/#breadcrumb\",\"itemListElement\":[{\"@type\":\"ListItem\",\"position\":1,\"name\":\"Inicio\",\"item\":\"https:\/\/wpguerssen-test.odoo.rgbconsulting.com\/es\/\"},{\"@type\":\"ListItem\",\"position\":2,\"name\":\"Shop\",\"item\":\"https:\/\/wpguerssen-test.odoo.rgbconsulting.com\/shop\/\"},{\"@type\":\"ListItem\",\"position\":3,\"name\":\"Trane&#8217;s Reign (Clear Vinyl)\"}]},{\"@type\":\"WebSite\",\"@id\":\"https:\/\/wpguerssen-test.odoo.rgbconsulting.com\/es\/#website\",\"url\":\"https:\/\/wpguerssen-test.odoo.rgbconsulting.com\/es\/\",\"name\":\"Guerssen records\",\"description\":\"psychedelia - progressive - folk - garage \",\"publisher\":{\"@id\":\"https:\/\/wpguerssen-test.odoo.rgbconsulting.com\/es\/#organization\"},\"potentialAction\":[{\"@type\":\"SearchAction\",\"target\":{\"@type\":\"EntryPoint\",\"urlTemplate\":\"https:\/\/wpguerssen-test.odoo.rgbconsulting.com\/es\/?s={search_term_string}\"},\"query-input\":{\"@type\":\"PropertyValueSpecification\",\"valueRequired\":true,\"valueName\":\"search_term_string\"}}],\"inLanguage\":\"es\"},{\"@type\":\"Organization\",\"@id\":\"https:\/\/wpguerssen-test.odoo.rgbconsulting.com\/es\/#organization\",\"name\":\"Guerssen records\",\"url\":\"https:\/\/wpguerssen-test.odoo.rgbconsulting.com\/es\/\",\"logo\":{\"@type\":\"ImageObject\",\"inLanguage\":\"es\",\"@id\":\"https:\/\/wpguerssen-test.odoo.rgbconsulting.com\/es\/#\/schema\/logo\/image\/\",\"url\":\"https:\/\/wpguerssen-test.odoo.rgbconsulting.com\/wp-content\/uploads\/2022\/04\/Logo_Guerssen_trans_100.png\",\"contentUrl\":\"https:\/\/wpguerssen-test.odoo.rgbconsulting.com\/wp-content\/uploads\/2022\/04\/Logo_Guerssen_trans_100.png\",\"width\":122,\"height\":100,\"caption\":\"Guerssen records\"},\"image\":{\"@id\":\"https:\/\/wpguerssen-test.odoo.rgbconsulting.com\/es\/#\/schema\/logo\/image\/\"}}]}<\/script>\n<!-- \/ Yoast SEO plugin. -->","yoast_head_json":{"title":"COLTRANE, John - Trane's Reign (Clear Vinyl) -  (LP) | Guerssen","description":"Recorded in March 1958 and released a few years later on Prestige, this album sees John Coltrane, the young and future sax giant at the head of a quartet featuring two close partners from the Miles Davis band, pianist Red Garland and bassist Paul Chambers, and Art Taylor on drums. A super-tight, powerful backing band for Coltrane's early attempts to push the boundaries of the bop tradition. \"Trane's Reign\" consists of four long tracks including Jackie McClean's original \"Little Melonae\". A perfect introduction to the early reign of John Coltrane.","robots":{"index":"index","follow":"follow","max-snippet":"max-snippet:-1","max-image-preview":"max-image-preview:large","max-video-preview":"max-video-preview:-1"},"canonical":"https:\/\/wpguerssen-test.odoo.rgbconsulting.com\/es\/producto\/tranes-reign-clear-vinyl\/","og_locale":"es_ES","og_type":"article","og_title":"COLTRANE, John - Trane's Reign (Clear Vinyl) -  (LP) | Guerssen","og_description":"Recorded in March 1958 and released a few years later on Prestige, this album sees John Coltrane, the young and future sax giant at the head of a quartet featuring two close partners from the Miles Davis band, pianist Red Garland and bassist Paul Chambers, and Art Taylor on drums. A super-tight, powerful backing band for Coltrane's early attempts to push the boundaries of the bop tradition. \"Trane's Reign\" consists of four long tracks including Jackie McClean's original \"Little Melonae\". A perfect introduction to the early reign of John Coltrane.","og_url":"https:\/\/wpguerssen-test.odoo.rgbconsulting.com\/es\/producto\/tranes-reign-clear-vinyl\/","og_site_name":"Guerssen records","article_modified_time":"2025-04-29T11:40:12+00:00","og_image":[{"width":1440,"height":1440,"url":"https:\/\/wpguerssen-test.odoo.rgbconsulting.com\/wp-content\/uploads\/2025\/04\/50415.jpg","type":"image\/jpeg"}],"twitter_card":"summary_large_image","twitter_title":"COLTRANE, John - Trane's Reign (Clear Vinyl) -  (LP) | Guerssen","twitter_misc":{"Tiempo de lectura":"1 minuto"},"schema":{"@context":"https:\/\/schema.org","@graph":[{"@type":"WebPage","@id":"https:\/\/wpguerssen-test.odoo.rgbconsulting.com\/es\/producto\/tranes-reign-clear-vinyl\/","url":"https:\/\/wpguerssen-test.odoo.rgbconsulting.com\/es\/producto\/tranes-reign-clear-vinyl\/","name":"COLTRANE, John - Trane's Reign (Clear Vinyl) - (LP) | Guerssen","isPartOf":{"@id":"https:\/\/wpguerssen-test.odoo.rgbconsulting.com\/es\/#website"},"primaryImageOfPage":{"@id":"https:\/\/wpguerssen-test.odoo.rgbconsulting.com\/es\/producto\/tranes-reign-clear-vinyl\/#primaryimage"},"image":{"@id":"https:\/\/wpguerssen-test.odoo.rgbconsulting.com\/es\/producto\/tranes-reign-clear-vinyl\/#primaryimage"},"thumbnailUrl":"https:\/\/wpguerssen-test.odoo.rgbconsulting.com\/wp-content\/uploads\/2025\/04\/50415.jpg","datePublished":"2025-04-24T22:00:00+00:00","dateModified":"2025-04-29T11:40:12+00:00","description":"Recorded in March 1958 and released a few years later on Prestige, this album sees John Coltrane, the young and future sax giant at the head of a quartet featuring two close partners from the Miles Davis band, pianist Red Garland and bassist Paul Chambers, and Art Taylor on drums. A super-tight, powerful backing band for Coltrane's early attempts to push the boundaries of the bop tradition. \"Trane's Reign\" consists of four long tracks including Jackie McClean's original \"Little Melonae\". A perfect introduction to the early reign of John Coltrane.","breadcrumb":{"@id":"https:\/\/wpguerssen-test.odoo.rgbconsulting.com\/es\/producto\/tranes-reign-clear-vinyl\/#breadcrumb"},"inLanguage":"es","potentialAction":[{"@type":"ReadAction","target":["https:\/\/wpguerssen-test.odoo.rgbconsulting.com\/es\/producto\/tranes-reign-clear-vinyl\/"]}]},{"@type":"ImageObject","inLanguage":"es","@id":"https:\/\/wpguerssen-test.odoo.rgbconsulting.com\/es\/producto\/tranes-reign-clear-vinyl\/#primaryimage","url":"https:\/\/wpguerssen-test.odoo.rgbconsulting.com\/wp-content\/uploads\/2025\/04\/50415.jpg","contentUrl":"https:\/\/wpguerssen-test.odoo.rgbconsulting.com\/wp-content\/uploads\/2025\/04\/50415.jpg","width":1440,"height":1440,"caption":"John - Trane's Reign (Clear Vinyl) - SOWING RECORDS (LP) | Guerssen"},{"@type":"BreadcrumbList","@id":"https:\/\/wpguerssen-test.odoo.rgbconsulting.com\/es\/producto\/tranes-reign-clear-vinyl\/#breadcrumb","itemListElement":[{"@type":"ListItem","position":1,"name":"Inicio","item":"https:\/\/wpguerssen-test.odoo.rgbconsulting.com\/es\/"},{"@type":"ListItem","position":2,"name":"Shop","item":"https:\/\/wpguerssen-test.odoo.rgbconsulting.com\/shop\/"},{"@type":"ListItem","position":3,"name":"Trane&#8217;s Reign (Clear Vinyl)"}]},{"@type":"WebSite","@id":"https:\/\/wpguerssen-test.odoo.rgbconsulting.com\/es\/#website","url":"https:\/\/wpguerssen-test.odoo.rgbconsulting.com\/es\/","name":"Guerssen records","description":"psychedelia - progressive - folk - garage ","publisher":{"@id":"https:\/\/wpguerssen-test.odoo.rgbconsulting.com\/es\/#organization"},"potentialAction":[{"@type":"SearchAction","target":{"@type":"EntryPoint","urlTemplate":"https:\/\/wpguerssen-test.odoo.rgbconsulting.com\/es\/?s={search_term_string}"},"query-input":{"@type":"PropertyValueSpecification","valueRequired":true,"valueName":"search_term_string"}}],"inLanguage":"es"},{"@type":"Organization","@id":"https:\/\/wpguerssen-test.odoo.rgbconsulting.com\/es\/#organization","name":"Guerssen records","url":"https:\/\/wpguerssen-test.odoo.rgbconsulting.com\/es\/","logo":{"@type":"ImageObject","inLanguage":"es","@id":"https:\/\/wpguerssen-test.odoo.rgbconsulting.com\/es\/#\/schema\/logo\/image\/","url":"https:\/\/wpguerssen-test.odoo.rgbconsulting.com\/wp-content\/uploads\/2022\/04\/Logo_Guerssen_trans_100.png","contentUrl":"https:\/\/wpguerssen-test.odoo.rgbconsulting.com\/wp-content\/uploads\/2022\/04\/Logo_Guerssen_trans_100.png","width":122,"height":100,"caption":"Guerssen records"},"image":{"@id":"https:\/\/wpguerssen-test.odoo.rgbconsulting.com\/es\/#\/schema\/logo\/image\/"}}]}},"_links":{"self":[{"href":"https:\/\/wpguerssen-test.odoo.rgbconsulting.com\/es\/wp-json\/wp\/v2\/product\/287101","targetHints":{"allow":["GET"]}}],"collection":[{"href":"https:\/\/wpguerssen-test.odoo.rgbconsulting.com\/es\/wp-json\/wp\/v2\/product"}],"about":[{"href":"https:\/\/wpguerssen-test.odoo.rgbconsulting.com\/es\/wp-json\/wp\/v2\/types\/product"}],"wp:featuredmedia":[{"embeddable":true,"href":"https:\/\/wpguerssen-test.odoo.rgbconsulting.com\/es\/wp-json\/wp\/v2\/media\/287059"}],"wp:attachment":[{"href":"https:\/\/wpguerssen-test.odoo.rgbconsulting.com\/es\/wp-json\/wp\/v2\/media?parent=287101"}],"wp:term":[{"taxonomy":"product_brand","embeddable":true,"href":"https:\/\/wpguerssen-test.odoo.rgbconsulting.com\/es\/wp-json\/wp\/v2\/product_brand?post=287101"},{"taxonomy":"product_cat","embeddable":true,"href":"https:\/\/wpguerssen-test.odoo.rgbconsulting.com\/es\/wp-json\/wp\/v2\/product_cat?post=287101"},{"taxonomy":"product_tag","embeddable":true,"href":"https:\/\/wpguerssen-test.odoo.rgbconsulting.com\/es\/wp-json\/wp\/v2\/product_tag?post=287101"}],"curies":[{"name":"wp","href":"https:\/\/api.w.org\/{rel}","templated":true}]}}