{"id":287104,"date":"2025-04-25T00:00:00","date_gmt":"2025-04-24T22:00:00","guid":{"rendered":"https:\/\/wpguerssen-test.odoo.rgbconsulting.com\/product\/lovesteady\/"},"modified":"2025-04-29T13:40:20","modified_gmt":"2025-04-29T11:40:20","slug":"lovesteady","status":"publish","type":"product","link":"https:\/\/wpguerssen-test.odoo.rgbconsulting.com\/es\/producto\/lovesteady\/","title":{"rendered":"Lovesteady"},"content":{"rendered":"<p>\u00abLOVESTEADY\u00bb es el nuevo y decimotercer \u00e1lbum de la banda italiana de street ska\/punk LOS FASTIDIOS (en gira desde 1991 sin parar).<br \/>Este esperado \u00e1lbum refleja la actitud de la banda en todos los sentidos. Un sonido que logra, mejor que nunca, mezclar los sonidos callejeros que siempre les han sido familiares: desde el street punk hasta el ska 2Tone, desde el britpop hasta el reggae\/rocksteady. Trece temas nuevos (m\u00e1s una divertida intro) que te har\u00e1n cantar y bailar desde el primer hasta el \u00faltimo segundo. El \u00e1lbum tambi\u00e9n incluye la versi\u00f3n de \u00abThree Minute Hero\u00bb de The Selecter (la legendaria banda de 2Tone), un tributo a uno de los grupos favoritos de la banda.<\/p>\n","protected":false},"excerpt":{"rendered":"<p>\u00abLOVESTEADY\u00bb es el nuevo y decimotercer \u00e1lbum de la banda italiana de street ska\/punk LOS FASTIDIOS (en gira desde 1991 sin parar).<br \/>Este esperado \u00e1lbum refleja<a class=\"read\" href=\"https:\/\/wpguerssen-test.odoo.rgbconsulting.com\/es\/producto\/lovesteady\/\"> (...)<\/a>","protected":false},"featured_media":287068,"template":"","meta":{"_acf_changed":false},"product_brand":[],"product_cat":[24508,21666],"product_tag":[24189],"class_list":{"0":"post-287104","1":"product","2":"type-product","3":"status-publish","4":"has-post-thumbnail","6":"product_cat-uncategorized","7":"product_cat-reggae-ska-dub-es","8":"product_tag-recien-llegadas","9":"pa_artist-fastidios-los","10":"pa_format-lp-es","11":"pa_gender-reggae-ska-dub","12":"pa_label-kob-records","13":"pa_location-europe-es","14":"pa_other-filters-vinyl-only-es","16":"first","17":"instock","18":"taxable","19":"shipping-taxable","20":"purchasable","21":"product-type-simple"},"acf":[],"yoast_head":"<!-- This site is optimized with the Yoast SEO plugin v24.9 - https:\/\/yoast.com\/wordpress\/plugins\/seo\/ -->\n<title>FASTIDIOS, Los - Lovesteady -  (LP) | Guerssen<\/title>\n<meta name=\"description\" content=\"&quot;LOVESTEADY&quot; is the new and 13th album of the italian street ska\/punk band LOS FASTIDIOS (on the road since 1991 without stops).This awaited album reflects the band&#039;s attitude in every way. A sound that manages, better than ever, to mix the street sounds that have always been dear to the band: from streetpunk to ska 2Tone, from britpop to reggae\/rocksteady. Thirtheen new tracks (plus a funny intro) that will make you sing and dance from the first to the last second of listening. The album includes also The Selecter&#039;s (legendary 2Tone band) cover song &quot;Three Minute Hero&quot;, a tribute to one of the favourite groups of the band.\" \/>\n<meta name=\"robots\" content=\"index, follow, max-snippet:-1, max-image-preview:large, max-video-preview:-1\" \/>\n<link rel=\"canonical\" href=\"https:\/\/wpguerssen-test.odoo.rgbconsulting.com\/es\/producto\/lovesteady\/\" \/>\n<meta property=\"og:locale\" content=\"es_ES\" \/>\n<meta property=\"og:type\" content=\"article\" \/>\n<meta property=\"og:title\" content=\"FASTIDIOS, Los - Lovesteady -  (LP) | Guerssen\" \/>\n<meta property=\"og:description\" content=\"&quot;LOVESTEADY&quot; is the new and 13th album of the italian street ska\/punk band LOS FASTIDIOS (on the road since 1991 without stops).This awaited album reflects the band&#039;s attitude in every way. A sound that manages, better than ever, to mix the street sounds that have always been dear to the band: from streetpunk to ska 2Tone, from britpop to reggae\/rocksteady. Thirtheen new tracks (plus a funny intro) that will make you sing and dance from the first to the last second of listening. The album includes also The Selecter&#039;s (legendary 2Tone band) cover song &quot;Three Minute Hero&quot;, a tribute to one of the favourite groups of the band.\" \/>\n<meta property=\"og:url\" content=\"https:\/\/wpguerssen-test.odoo.rgbconsulting.com\/es\/producto\/lovesteady\/\" \/>\n<meta property=\"og:site_name\" content=\"Guerssen records\" \/>\n<meta property=\"article:modified_time\" content=\"2025-04-29T11:40:20+00:00\" \/>\n<meta property=\"og:image\" content=\"https:\/\/wpguerssen-test.odoo.rgbconsulting.com\/wp-content\/uploads\/2025\/04\/50418.jpg\" \/>\n\t<meta property=\"og:image:width\" content=\"766\" \/>\n\t<meta property=\"og:image:height\" content=\"759\" \/>\n\t<meta property=\"og:image:type\" content=\"image\/jpeg\" \/>\n<meta name=\"twitter:card\" content=\"summary_large_image\" \/>\n<meta name=\"twitter:title\" content=\"FASTIDIOS, Los - Lovesteady -  (LP) | Guerssen\" \/>\n<meta name=\"twitter:label1\" content=\"Tiempo de lectura\" \/>\n\t<meta name=\"twitter:data1\" content=\"1 minuto\" \/>\n<script type=\"application\/ld+json\" class=\"yoast-schema-graph\">{\"@context\":\"https:\/\/schema.org\",\"@graph\":[{\"@type\":\"WebPage\",\"@id\":\"https:\/\/wpguerssen-test.odoo.rgbconsulting.com\/es\/producto\/lovesteady\/\",\"url\":\"https:\/\/wpguerssen-test.odoo.rgbconsulting.com\/es\/producto\/lovesteady\/\",\"name\":\"FASTIDIOS, Los - Lovesteady - (LP) | Guerssen\",\"isPartOf\":{\"@id\":\"https:\/\/wpguerssen-test.odoo.rgbconsulting.com\/es\/#website\"},\"primaryImageOfPage\":{\"@id\":\"https:\/\/wpguerssen-test.odoo.rgbconsulting.com\/es\/producto\/lovesteady\/#primaryimage\"},\"image\":{\"@id\":\"https:\/\/wpguerssen-test.odoo.rgbconsulting.com\/es\/producto\/lovesteady\/#primaryimage\"},\"thumbnailUrl\":\"https:\/\/wpguerssen-test.odoo.rgbconsulting.com\/wp-content\/uploads\/2025\/04\/50418.jpg\",\"datePublished\":\"2025-04-24T22:00:00+00:00\",\"dateModified\":\"2025-04-29T11:40:20+00:00\",\"description\":\"\\\"LOVESTEADY\\\" is the new and 13th album of the italian street ska\/punk band LOS FASTIDIOS (on the road since 1991 without stops).This awaited album reflects the band's attitude in every way. A sound that manages, better than ever, to mix the street sounds that have always been dear to the band: from streetpunk to ska 2Tone, from britpop to reggae\/rocksteady. Thirtheen new tracks (plus a funny intro) that will make you sing and dance from the first to the last second of listening. The album includes also The Selecter's (legendary 2Tone band) cover song \\\"Three Minute Hero\\\", a tribute to one of the favourite groups of the band.\",\"breadcrumb\":{\"@id\":\"https:\/\/wpguerssen-test.odoo.rgbconsulting.com\/es\/producto\/lovesteady\/#breadcrumb\"},\"inLanguage\":\"es\",\"potentialAction\":[{\"@type\":\"ReadAction\",\"target\":[\"https:\/\/wpguerssen-test.odoo.rgbconsulting.com\/es\/producto\/lovesteady\/\"]}]},{\"@type\":\"ImageObject\",\"inLanguage\":\"es\",\"@id\":\"https:\/\/wpguerssen-test.odoo.rgbconsulting.com\/es\/producto\/lovesteady\/#primaryimage\",\"url\":\"https:\/\/wpguerssen-test.odoo.rgbconsulting.com\/wp-content\/uploads\/2025\/04\/50418.jpg\",\"contentUrl\":\"https:\/\/wpguerssen-test.odoo.rgbconsulting.com\/wp-content\/uploads\/2025\/04\/50418.jpg\",\"width\":766,\"height\":759,\"caption\":\"Los - Lovesteady - KOB RECORDS (LP) | Guerssen\"},{\"@type\":\"BreadcrumbList\",\"@id\":\"https:\/\/wpguerssen-test.odoo.rgbconsulting.com\/es\/producto\/lovesteady\/#breadcrumb\",\"itemListElement\":[{\"@type\":\"ListItem\",\"position\":1,\"name\":\"Inicio\",\"item\":\"https:\/\/wpguerssen-test.odoo.rgbconsulting.com\/es\/\"},{\"@type\":\"ListItem\",\"position\":2,\"name\":\"Shop\",\"item\":\"https:\/\/wpguerssen-test.odoo.rgbconsulting.com\/shop\/\"},{\"@type\":\"ListItem\",\"position\":3,\"name\":\"Lovesteady\"}]},{\"@type\":\"WebSite\",\"@id\":\"https:\/\/wpguerssen-test.odoo.rgbconsulting.com\/es\/#website\",\"url\":\"https:\/\/wpguerssen-test.odoo.rgbconsulting.com\/es\/\",\"name\":\"Guerssen records\",\"description\":\"psychedelia - progressive - folk - garage \",\"publisher\":{\"@id\":\"https:\/\/wpguerssen-test.odoo.rgbconsulting.com\/es\/#organization\"},\"potentialAction\":[{\"@type\":\"SearchAction\",\"target\":{\"@type\":\"EntryPoint\",\"urlTemplate\":\"https:\/\/wpguerssen-test.odoo.rgbconsulting.com\/es\/?s={search_term_string}\"},\"query-input\":{\"@type\":\"PropertyValueSpecification\",\"valueRequired\":true,\"valueName\":\"search_term_string\"}}],\"inLanguage\":\"es\"},{\"@type\":\"Organization\",\"@id\":\"https:\/\/wpguerssen-test.odoo.rgbconsulting.com\/es\/#organization\",\"name\":\"Guerssen records\",\"url\":\"https:\/\/wpguerssen-test.odoo.rgbconsulting.com\/es\/\",\"logo\":{\"@type\":\"ImageObject\",\"inLanguage\":\"es\",\"@id\":\"https:\/\/wpguerssen-test.odoo.rgbconsulting.com\/es\/#\/schema\/logo\/image\/\",\"url\":\"https:\/\/wpguerssen-test.odoo.rgbconsulting.com\/wp-content\/uploads\/2022\/04\/Logo_Guerssen_trans_100.png\",\"contentUrl\":\"https:\/\/wpguerssen-test.odoo.rgbconsulting.com\/wp-content\/uploads\/2022\/04\/Logo_Guerssen_trans_100.png\",\"width\":122,\"height\":100,\"caption\":\"Guerssen records\"},\"image\":{\"@id\":\"https:\/\/wpguerssen-test.odoo.rgbconsulting.com\/es\/#\/schema\/logo\/image\/\"}}]}<\/script>\n<!-- \/ Yoast SEO plugin. -->","yoast_head_json":{"title":"FASTIDIOS, Los - Lovesteady -  (LP) | Guerssen","description":"\"LOVESTEADY\" is the new and 13th album of the italian street ska\/punk band LOS FASTIDIOS (on the road since 1991 without stops).This awaited album reflects the band's attitude in every way. A sound that manages, better than ever, to mix the street sounds that have always been dear to the band: from streetpunk to ska 2Tone, from britpop to reggae\/rocksteady. Thirtheen new tracks (plus a funny intro) that will make you sing and dance from the first to the last second of listening. The album includes also The Selecter's (legendary 2Tone band) cover song \"Three Minute Hero\", a tribute to one of the favourite groups of the band.","robots":{"index":"index","follow":"follow","max-snippet":"max-snippet:-1","max-image-preview":"max-image-preview:large","max-video-preview":"max-video-preview:-1"},"canonical":"https:\/\/wpguerssen-test.odoo.rgbconsulting.com\/es\/producto\/lovesteady\/","og_locale":"es_ES","og_type":"article","og_title":"FASTIDIOS, Los - Lovesteady -  (LP) | Guerssen","og_description":"\"LOVESTEADY\" is the new and 13th album of the italian street ska\/punk band LOS FASTIDIOS (on the road since 1991 without stops).This awaited album reflects the band's attitude in every way. A sound that manages, better than ever, to mix the street sounds that have always been dear to the band: from streetpunk to ska 2Tone, from britpop to reggae\/rocksteady. Thirtheen new tracks (plus a funny intro) that will make you sing and dance from the first to the last second of listening. The album includes also The Selecter's (legendary 2Tone band) cover song \"Three Minute Hero\", a tribute to one of the favourite groups of the band.","og_url":"https:\/\/wpguerssen-test.odoo.rgbconsulting.com\/es\/producto\/lovesteady\/","og_site_name":"Guerssen records","article_modified_time":"2025-04-29T11:40:20+00:00","og_image":[{"width":766,"height":759,"url":"https:\/\/wpguerssen-test.odoo.rgbconsulting.com\/wp-content\/uploads\/2025\/04\/50418.jpg","type":"image\/jpeg"}],"twitter_card":"summary_large_image","twitter_title":"FASTIDIOS, Los - Lovesteady -  (LP) | Guerssen","twitter_misc":{"Tiempo de lectura":"1 minuto"},"schema":{"@context":"https:\/\/schema.org","@graph":[{"@type":"WebPage","@id":"https:\/\/wpguerssen-test.odoo.rgbconsulting.com\/es\/producto\/lovesteady\/","url":"https:\/\/wpguerssen-test.odoo.rgbconsulting.com\/es\/producto\/lovesteady\/","name":"FASTIDIOS, Los - Lovesteady - (LP) | Guerssen","isPartOf":{"@id":"https:\/\/wpguerssen-test.odoo.rgbconsulting.com\/es\/#website"},"primaryImageOfPage":{"@id":"https:\/\/wpguerssen-test.odoo.rgbconsulting.com\/es\/producto\/lovesteady\/#primaryimage"},"image":{"@id":"https:\/\/wpguerssen-test.odoo.rgbconsulting.com\/es\/producto\/lovesteady\/#primaryimage"},"thumbnailUrl":"https:\/\/wpguerssen-test.odoo.rgbconsulting.com\/wp-content\/uploads\/2025\/04\/50418.jpg","datePublished":"2025-04-24T22:00:00+00:00","dateModified":"2025-04-29T11:40:20+00:00","description":"\"LOVESTEADY\" is the new and 13th album of the italian street ska\/punk band LOS FASTIDIOS (on the road since 1991 without stops).This awaited album reflects the band's attitude in every way. A sound that manages, better than ever, to mix the street sounds that have always been dear to the band: from streetpunk to ska 2Tone, from britpop to reggae\/rocksteady. Thirtheen new tracks (plus a funny intro) that will make you sing and dance from the first to the last second of listening. The album includes also The Selecter's (legendary 2Tone band) cover song \"Three Minute Hero\", a tribute to one of the favourite groups of the band.","breadcrumb":{"@id":"https:\/\/wpguerssen-test.odoo.rgbconsulting.com\/es\/producto\/lovesteady\/#breadcrumb"},"inLanguage":"es","potentialAction":[{"@type":"ReadAction","target":["https:\/\/wpguerssen-test.odoo.rgbconsulting.com\/es\/producto\/lovesteady\/"]}]},{"@type":"ImageObject","inLanguage":"es","@id":"https:\/\/wpguerssen-test.odoo.rgbconsulting.com\/es\/producto\/lovesteady\/#primaryimage","url":"https:\/\/wpguerssen-test.odoo.rgbconsulting.com\/wp-content\/uploads\/2025\/04\/50418.jpg","contentUrl":"https:\/\/wpguerssen-test.odoo.rgbconsulting.com\/wp-content\/uploads\/2025\/04\/50418.jpg","width":766,"height":759,"caption":"Los - Lovesteady - KOB RECORDS (LP) | Guerssen"},{"@type":"BreadcrumbList","@id":"https:\/\/wpguerssen-test.odoo.rgbconsulting.com\/es\/producto\/lovesteady\/#breadcrumb","itemListElement":[{"@type":"ListItem","position":1,"name":"Inicio","item":"https:\/\/wpguerssen-test.odoo.rgbconsulting.com\/es\/"},{"@type":"ListItem","position":2,"name":"Shop","item":"https:\/\/wpguerssen-test.odoo.rgbconsulting.com\/shop\/"},{"@type":"ListItem","position":3,"name":"Lovesteady"}]},{"@type":"WebSite","@id":"https:\/\/wpguerssen-test.odoo.rgbconsulting.com\/es\/#website","url":"https:\/\/wpguerssen-test.odoo.rgbconsulting.com\/es\/","name":"Guerssen records","description":"psychedelia - progressive - folk - garage ","publisher":{"@id":"https:\/\/wpguerssen-test.odoo.rgbconsulting.com\/es\/#organization"},"potentialAction":[{"@type":"SearchAction","target":{"@type":"EntryPoint","urlTemplate":"https:\/\/wpguerssen-test.odoo.rgbconsulting.com\/es\/?s={search_term_string}"},"query-input":{"@type":"PropertyValueSpecification","valueRequired":true,"valueName":"search_term_string"}}],"inLanguage":"es"},{"@type":"Organization","@id":"https:\/\/wpguerssen-test.odoo.rgbconsulting.com\/es\/#organization","name":"Guerssen records","url":"https:\/\/wpguerssen-test.odoo.rgbconsulting.com\/es\/","logo":{"@type":"ImageObject","inLanguage":"es","@id":"https:\/\/wpguerssen-test.odoo.rgbconsulting.com\/es\/#\/schema\/logo\/image\/","url":"https:\/\/wpguerssen-test.odoo.rgbconsulting.com\/wp-content\/uploads\/2022\/04\/Logo_Guerssen_trans_100.png","contentUrl":"https:\/\/wpguerssen-test.odoo.rgbconsulting.com\/wp-content\/uploads\/2022\/04\/Logo_Guerssen_trans_100.png","width":122,"height":100,"caption":"Guerssen records"},"image":{"@id":"https:\/\/wpguerssen-test.odoo.rgbconsulting.com\/es\/#\/schema\/logo\/image\/"}}]}},"_links":{"self":[{"href":"https:\/\/wpguerssen-test.odoo.rgbconsulting.com\/es\/wp-json\/wp\/v2\/product\/287104","targetHints":{"allow":["GET"]}}],"collection":[{"href":"https:\/\/wpguerssen-test.odoo.rgbconsulting.com\/es\/wp-json\/wp\/v2\/product"}],"about":[{"href":"https:\/\/wpguerssen-test.odoo.rgbconsulting.com\/es\/wp-json\/wp\/v2\/types\/product"}],"wp:featuredmedia":[{"embeddable":true,"href":"https:\/\/wpguerssen-test.odoo.rgbconsulting.com\/es\/wp-json\/wp\/v2\/media\/287068"}],"wp:attachment":[{"href":"https:\/\/wpguerssen-test.odoo.rgbconsulting.com\/es\/wp-json\/wp\/v2\/media?parent=287104"}],"wp:term":[{"taxonomy":"product_brand","embeddable":true,"href":"https:\/\/wpguerssen-test.odoo.rgbconsulting.com\/es\/wp-json\/wp\/v2\/product_brand?post=287104"},{"taxonomy":"product_cat","embeddable":true,"href":"https:\/\/wpguerssen-test.odoo.rgbconsulting.com\/es\/wp-json\/wp\/v2\/product_cat?post=287104"},{"taxonomy":"product_tag","embeddable":true,"href":"https:\/\/wpguerssen-test.odoo.rgbconsulting.com\/es\/wp-json\/wp\/v2\/product_tag?post=287104"}],"curies":[{"name":"wp","href":"https:\/\/api.w.org\/{rel}","templated":true}]}}