{"id":287108,"date":"2025-04-25T00:00:00","date_gmt":"2025-04-24T22:00:00","guid":{"rendered":"https:\/\/wpguerssen-test.odoo.rgbconsulting.com\/product\/without-earth\/"},"modified":"2025-04-30T08:53:48","modified_gmt":"2025-04-30T06:53:48","slug":"without-earth","status":"publish","type":"product","link":"https:\/\/wpguerssen-test.odoo.rgbconsulting.com\/es\/producto\/without-earth\/","title":{"rendered":"Without Earth"},"content":{"rendered":"<p>\u00a1Sum\u00e9rgete en los reinos del soul psicod\u00e9lico con el \u00fanico e inigualable The Moon! Nacidos en el verano del amor, la banda debut\u00f3 en 1968 con su primer \u00e1lbum Without Earth. Con una clara esencia de Magical Mystery Tour, el grupo versiona dos canciones del \u00e1lbum debut de Colours (otro desconocido grupo estadounidense). \u00abBrother Lou&#8217;s Love Colony\u00bb, en particular, tiene peque\u00f1os toques de sitar que cumplen la idea de un homenaje serio al cuarteto de Liverpool. Los 10 temas restantes son originales, con el s\u00f3lido ritmo de hard rock \u00abGot To Be On My Way\u00bb, un tema que destaca por su guitarra l\u00edquida y distorsionada.<\/p>\n","protected":false},"excerpt":{"rendered":"<p>\u00a1Sum\u00e9rgete en los reinos del soul psicod\u00e9lico con el \u00fanico e inigualable The Moon! Nacidos en el verano del amor, la banda debut\u00f3 en 1968 con su primer \u00e1lbum<a class=\"read\" href=\"https:\/\/wpguerssen-test.odoo.rgbconsulting.com\/es\/producto\/without-earth\/\"> (...)<\/a>","protected":false},"featured_media":287080,"template":"","meta":{"_acf_changed":false},"product_brand":[],"product_cat":[24508,21639],"product_tag":[24189],"class_list":{"0":"post-287108","1":"product","2":"type-product","3":"status-publish","4":"has-post-thumbnail","6":"product_cat-uncategorized","7":"product_cat-psychedelic60s-70s-es","8":"product_tag-recien-llegadas","9":"pa_artist-moon-the","10":"pa_format-lp-es","11":"pa_gender-psychedelic60s-70s","12":"pa_label-cosmic-rock-es","13":"pa_location-north-america-es","14":"pa_other-filters-vinyl-only-es","16":"first","17":"outofstock","18":"taxable","19":"shipping-taxable","20":"purchasable","21":"product-type-simple"},"acf":[],"yoast_head":"<!-- This site is optimized with the Yoast SEO plugin v24.9 - https:\/\/yoast.com\/wordpress\/plugins\/seo\/ -->\n<title>MOON, The - Without Earth -  (LP) | Guerssen<\/title>\n<meta name=\"description\" content=\"Dive deep into the realms of psychedelic soul with the one and only The Moon! Born in the summer of love, the band debuted in 1968 with his first album Without Earth. Surrounded by a clear Magical Mystery Tour feel, the group covers two songs off Colours (another obscure American group) debut album. &quot;Brother Lou&#039;s Love Colony&quot; in particular has little sitar flourishes fulfilling the idea of a serious homage to the Liverpool four. The remaining 10 tracks are all originals with the solid hard rock groove &quot;Got To Be On My Way&quot;, a tune notable for its liquid distorted guitar.\" \/>\n<meta name=\"robots\" content=\"index, follow, max-snippet:-1, max-image-preview:large, max-video-preview:-1\" \/>\n<link rel=\"canonical\" href=\"https:\/\/wpguerssen-test.odoo.rgbconsulting.com\/es\/producto\/without-earth\/\" \/>\n<meta property=\"og:locale\" content=\"es_ES\" \/>\n<meta property=\"og:type\" content=\"article\" \/>\n<meta property=\"og:title\" content=\"MOON, The - Without Earth -  (LP) | Guerssen\" \/>\n<meta property=\"og:description\" content=\"Dive deep into the realms of psychedelic soul with the one and only The Moon! Born in the summer of love, the band debuted in 1968 with his first album Without Earth. Surrounded by a clear Magical Mystery Tour feel, the group covers two songs off Colours (another obscure American group) debut album. &quot;Brother Lou&#039;s Love Colony&quot; in particular has little sitar flourishes fulfilling the idea of a serious homage to the Liverpool four. The remaining 10 tracks are all originals with the solid hard rock groove &quot;Got To Be On My Way&quot;, a tune notable for its liquid distorted guitar.\" \/>\n<meta property=\"og:url\" content=\"https:\/\/wpguerssen-test.odoo.rgbconsulting.com\/es\/producto\/without-earth\/\" \/>\n<meta property=\"og:site_name\" content=\"Guerssen records\" \/>\n<meta property=\"article:modified_time\" content=\"2025-04-30T06:53:48+00:00\" \/>\n<meta property=\"og:image\" content=\"https:\/\/wpguerssen-test.odoo.rgbconsulting.com\/wp-content\/uploads\/2025\/04\/50422.jpg\" \/>\n\t<meta property=\"og:image:width\" content=\"1440\" \/>\n\t<meta property=\"og:image:height\" content=\"1440\" \/>\n\t<meta property=\"og:image:type\" content=\"image\/jpeg\" \/>\n<meta name=\"twitter:card\" content=\"summary_large_image\" \/>\n<meta name=\"twitter:title\" content=\"MOON, The - Without Earth -  (LP) | Guerssen\" \/>\n<meta name=\"twitter:label1\" content=\"Tiempo de lectura\" \/>\n\t<meta name=\"twitter:data1\" content=\"1 minuto\" \/>\n<script type=\"application\/ld+json\" class=\"yoast-schema-graph\">{\"@context\":\"https:\/\/schema.org\",\"@graph\":[{\"@type\":\"WebPage\",\"@id\":\"https:\/\/wpguerssen-test.odoo.rgbconsulting.com\/es\/producto\/without-earth\/\",\"url\":\"https:\/\/wpguerssen-test.odoo.rgbconsulting.com\/es\/producto\/without-earth\/\",\"name\":\"MOON, The - Without Earth - (LP) | Guerssen\",\"isPartOf\":{\"@id\":\"https:\/\/wpguerssen-test.odoo.rgbconsulting.com\/es\/#website\"},\"primaryImageOfPage\":{\"@id\":\"https:\/\/wpguerssen-test.odoo.rgbconsulting.com\/es\/producto\/without-earth\/#primaryimage\"},\"image\":{\"@id\":\"https:\/\/wpguerssen-test.odoo.rgbconsulting.com\/es\/producto\/without-earth\/#primaryimage\"},\"thumbnailUrl\":\"https:\/\/wpguerssen-test.odoo.rgbconsulting.com\/wp-content\/uploads\/2025\/04\/50422.jpg\",\"datePublished\":\"2025-04-24T22:00:00+00:00\",\"dateModified\":\"2025-04-30T06:53:48+00:00\",\"description\":\"Dive deep into the realms of psychedelic soul with the one and only The Moon! Born in the summer of love, the band debuted in 1968 with his first album Without Earth. Surrounded by a clear Magical Mystery Tour feel, the group covers two songs off Colours (another obscure American group) debut album. \\\"Brother Lou's Love Colony\\\" in particular has little sitar flourishes fulfilling the idea of a serious homage to the Liverpool four. The remaining 10 tracks are all originals with the solid hard rock groove \\\"Got To Be On My Way\\\", a tune notable for its liquid distorted guitar.\",\"breadcrumb\":{\"@id\":\"https:\/\/wpguerssen-test.odoo.rgbconsulting.com\/es\/producto\/without-earth\/#breadcrumb\"},\"inLanguage\":\"es\",\"potentialAction\":[{\"@type\":\"ReadAction\",\"target\":[\"https:\/\/wpguerssen-test.odoo.rgbconsulting.com\/es\/producto\/without-earth\/\"]}]},{\"@type\":\"ImageObject\",\"inLanguage\":\"es\",\"@id\":\"https:\/\/wpguerssen-test.odoo.rgbconsulting.com\/es\/producto\/without-earth\/#primaryimage\",\"url\":\"https:\/\/wpguerssen-test.odoo.rgbconsulting.com\/wp-content\/uploads\/2025\/04\/50422.jpg\",\"contentUrl\":\"https:\/\/wpguerssen-test.odoo.rgbconsulting.com\/wp-content\/uploads\/2025\/04\/50422.jpg\",\"width\":1440,\"height\":1440,\"caption\":\"The - Without Earth - COSMIC ROCK (LP) | Guerssen\"},{\"@type\":\"BreadcrumbList\",\"@id\":\"https:\/\/wpguerssen-test.odoo.rgbconsulting.com\/es\/producto\/without-earth\/#breadcrumb\",\"itemListElement\":[{\"@type\":\"ListItem\",\"position\":1,\"name\":\"Inicio\",\"item\":\"https:\/\/wpguerssen-test.odoo.rgbconsulting.com\/es\/\"},{\"@type\":\"ListItem\",\"position\":2,\"name\":\"Shop\",\"item\":\"https:\/\/wpguerssen-test.odoo.rgbconsulting.com\/shop\/\"},{\"@type\":\"ListItem\",\"position\":3,\"name\":\"Without Earth\"}]},{\"@type\":\"WebSite\",\"@id\":\"https:\/\/wpguerssen-test.odoo.rgbconsulting.com\/es\/#website\",\"url\":\"https:\/\/wpguerssen-test.odoo.rgbconsulting.com\/es\/\",\"name\":\"Guerssen records\",\"description\":\"psychedelia - progressive - folk - garage \",\"publisher\":{\"@id\":\"https:\/\/wpguerssen-test.odoo.rgbconsulting.com\/es\/#organization\"},\"potentialAction\":[{\"@type\":\"SearchAction\",\"target\":{\"@type\":\"EntryPoint\",\"urlTemplate\":\"https:\/\/wpguerssen-test.odoo.rgbconsulting.com\/es\/?s={search_term_string}\"},\"query-input\":{\"@type\":\"PropertyValueSpecification\",\"valueRequired\":true,\"valueName\":\"search_term_string\"}}],\"inLanguage\":\"es\"},{\"@type\":\"Organization\",\"@id\":\"https:\/\/wpguerssen-test.odoo.rgbconsulting.com\/es\/#organization\",\"name\":\"Guerssen records\",\"url\":\"https:\/\/wpguerssen-test.odoo.rgbconsulting.com\/es\/\",\"logo\":{\"@type\":\"ImageObject\",\"inLanguage\":\"es\",\"@id\":\"https:\/\/wpguerssen-test.odoo.rgbconsulting.com\/es\/#\/schema\/logo\/image\/\",\"url\":\"https:\/\/wpguerssen-test.odoo.rgbconsulting.com\/wp-content\/uploads\/2022\/04\/Logo_Guerssen_trans_100.png\",\"contentUrl\":\"https:\/\/wpguerssen-test.odoo.rgbconsulting.com\/wp-content\/uploads\/2022\/04\/Logo_Guerssen_trans_100.png\",\"width\":122,\"height\":100,\"caption\":\"Guerssen records\"},\"image\":{\"@id\":\"https:\/\/wpguerssen-test.odoo.rgbconsulting.com\/es\/#\/schema\/logo\/image\/\"}}]}<\/script>\n<!-- \/ Yoast SEO plugin. -->","yoast_head_json":{"title":"MOON, The - Without Earth -  (LP) | Guerssen","description":"Dive deep into the realms of psychedelic soul with the one and only The Moon! Born in the summer of love, the band debuted in 1968 with his first album Without Earth. Surrounded by a clear Magical Mystery Tour feel, the group covers two songs off Colours (another obscure American group) debut album. \"Brother Lou's Love Colony\" in particular has little sitar flourishes fulfilling the idea of a serious homage to the Liverpool four. The remaining 10 tracks are all originals with the solid hard rock groove \"Got To Be On My Way\", a tune notable for its liquid distorted guitar.","robots":{"index":"index","follow":"follow","max-snippet":"max-snippet:-1","max-image-preview":"max-image-preview:large","max-video-preview":"max-video-preview:-1"},"canonical":"https:\/\/wpguerssen-test.odoo.rgbconsulting.com\/es\/producto\/without-earth\/","og_locale":"es_ES","og_type":"article","og_title":"MOON, The - Without Earth -  (LP) | Guerssen","og_description":"Dive deep into the realms of psychedelic soul with the one and only The Moon! Born in the summer of love, the band debuted in 1968 with his first album Without Earth. Surrounded by a clear Magical Mystery Tour feel, the group covers two songs off Colours (another obscure American group) debut album. \"Brother Lou's Love Colony\" in particular has little sitar flourishes fulfilling the idea of a serious homage to the Liverpool four. The remaining 10 tracks are all originals with the solid hard rock groove \"Got To Be On My Way\", a tune notable for its liquid distorted guitar.","og_url":"https:\/\/wpguerssen-test.odoo.rgbconsulting.com\/es\/producto\/without-earth\/","og_site_name":"Guerssen records","article_modified_time":"2025-04-30T06:53:48+00:00","og_image":[{"width":1440,"height":1440,"url":"https:\/\/wpguerssen-test.odoo.rgbconsulting.com\/wp-content\/uploads\/2025\/04\/50422.jpg","type":"image\/jpeg"}],"twitter_card":"summary_large_image","twitter_title":"MOON, The - Without Earth -  (LP) | Guerssen","twitter_misc":{"Tiempo de lectura":"1 minuto"},"schema":{"@context":"https:\/\/schema.org","@graph":[{"@type":"WebPage","@id":"https:\/\/wpguerssen-test.odoo.rgbconsulting.com\/es\/producto\/without-earth\/","url":"https:\/\/wpguerssen-test.odoo.rgbconsulting.com\/es\/producto\/without-earth\/","name":"MOON, The - Without Earth - (LP) | Guerssen","isPartOf":{"@id":"https:\/\/wpguerssen-test.odoo.rgbconsulting.com\/es\/#website"},"primaryImageOfPage":{"@id":"https:\/\/wpguerssen-test.odoo.rgbconsulting.com\/es\/producto\/without-earth\/#primaryimage"},"image":{"@id":"https:\/\/wpguerssen-test.odoo.rgbconsulting.com\/es\/producto\/without-earth\/#primaryimage"},"thumbnailUrl":"https:\/\/wpguerssen-test.odoo.rgbconsulting.com\/wp-content\/uploads\/2025\/04\/50422.jpg","datePublished":"2025-04-24T22:00:00+00:00","dateModified":"2025-04-30T06:53:48+00:00","description":"Dive deep into the realms of psychedelic soul with the one and only The Moon! Born in the summer of love, the band debuted in 1968 with his first album Without Earth. Surrounded by a clear Magical Mystery Tour feel, the group covers two songs off Colours (another obscure American group) debut album. \"Brother Lou's Love Colony\" in particular has little sitar flourishes fulfilling the idea of a serious homage to the Liverpool four. The remaining 10 tracks are all originals with the solid hard rock groove \"Got To Be On My Way\", a tune notable for its liquid distorted guitar.","breadcrumb":{"@id":"https:\/\/wpguerssen-test.odoo.rgbconsulting.com\/es\/producto\/without-earth\/#breadcrumb"},"inLanguage":"es","potentialAction":[{"@type":"ReadAction","target":["https:\/\/wpguerssen-test.odoo.rgbconsulting.com\/es\/producto\/without-earth\/"]}]},{"@type":"ImageObject","inLanguage":"es","@id":"https:\/\/wpguerssen-test.odoo.rgbconsulting.com\/es\/producto\/without-earth\/#primaryimage","url":"https:\/\/wpguerssen-test.odoo.rgbconsulting.com\/wp-content\/uploads\/2025\/04\/50422.jpg","contentUrl":"https:\/\/wpguerssen-test.odoo.rgbconsulting.com\/wp-content\/uploads\/2025\/04\/50422.jpg","width":1440,"height":1440,"caption":"The - Without Earth - COSMIC ROCK (LP) | Guerssen"},{"@type":"BreadcrumbList","@id":"https:\/\/wpguerssen-test.odoo.rgbconsulting.com\/es\/producto\/without-earth\/#breadcrumb","itemListElement":[{"@type":"ListItem","position":1,"name":"Inicio","item":"https:\/\/wpguerssen-test.odoo.rgbconsulting.com\/es\/"},{"@type":"ListItem","position":2,"name":"Shop","item":"https:\/\/wpguerssen-test.odoo.rgbconsulting.com\/shop\/"},{"@type":"ListItem","position":3,"name":"Without Earth"}]},{"@type":"WebSite","@id":"https:\/\/wpguerssen-test.odoo.rgbconsulting.com\/es\/#website","url":"https:\/\/wpguerssen-test.odoo.rgbconsulting.com\/es\/","name":"Guerssen records","description":"psychedelia - progressive - folk - garage ","publisher":{"@id":"https:\/\/wpguerssen-test.odoo.rgbconsulting.com\/es\/#organization"},"potentialAction":[{"@type":"SearchAction","target":{"@type":"EntryPoint","urlTemplate":"https:\/\/wpguerssen-test.odoo.rgbconsulting.com\/es\/?s={search_term_string}"},"query-input":{"@type":"PropertyValueSpecification","valueRequired":true,"valueName":"search_term_string"}}],"inLanguage":"es"},{"@type":"Organization","@id":"https:\/\/wpguerssen-test.odoo.rgbconsulting.com\/es\/#organization","name":"Guerssen records","url":"https:\/\/wpguerssen-test.odoo.rgbconsulting.com\/es\/","logo":{"@type":"ImageObject","inLanguage":"es","@id":"https:\/\/wpguerssen-test.odoo.rgbconsulting.com\/es\/#\/schema\/logo\/image\/","url":"https:\/\/wpguerssen-test.odoo.rgbconsulting.com\/wp-content\/uploads\/2022\/04\/Logo_Guerssen_trans_100.png","contentUrl":"https:\/\/wpguerssen-test.odoo.rgbconsulting.com\/wp-content\/uploads\/2022\/04\/Logo_Guerssen_trans_100.png","width":122,"height":100,"caption":"Guerssen records"},"image":{"@id":"https:\/\/wpguerssen-test.odoo.rgbconsulting.com\/es\/#\/schema\/logo\/image\/"}}]}},"_links":{"self":[{"href":"https:\/\/wpguerssen-test.odoo.rgbconsulting.com\/es\/wp-json\/wp\/v2\/product\/287108","targetHints":{"allow":["GET"]}}],"collection":[{"href":"https:\/\/wpguerssen-test.odoo.rgbconsulting.com\/es\/wp-json\/wp\/v2\/product"}],"about":[{"href":"https:\/\/wpguerssen-test.odoo.rgbconsulting.com\/es\/wp-json\/wp\/v2\/types\/product"}],"wp:featuredmedia":[{"embeddable":true,"href":"https:\/\/wpguerssen-test.odoo.rgbconsulting.com\/es\/wp-json\/wp\/v2\/media\/287080"}],"wp:attachment":[{"href":"https:\/\/wpguerssen-test.odoo.rgbconsulting.com\/es\/wp-json\/wp\/v2\/media?parent=287108"}],"wp:term":[{"taxonomy":"product_brand","embeddable":true,"href":"https:\/\/wpguerssen-test.odoo.rgbconsulting.com\/es\/wp-json\/wp\/v2\/product_brand?post=287108"},{"taxonomy":"product_cat","embeddable":true,"href":"https:\/\/wpguerssen-test.odoo.rgbconsulting.com\/es\/wp-json\/wp\/v2\/product_cat?post=287108"},{"taxonomy":"product_tag","embeddable":true,"href":"https:\/\/wpguerssen-test.odoo.rgbconsulting.com\/es\/wp-json\/wp\/v2\/product_tag?post=287108"}],"curies":[{"name":"wp","href":"https:\/\/api.w.org\/{rel}","templated":true}]}}