{"id":287534,"date":"2023-05-22T00:00:00","date_gmt":"2023-05-21T22:00:00","guid":{"rendered":"https:\/\/wpguerssen-test.odoo.rgbconsulting.com\/product\/nana-nelson-angelo-novelli-yellow-lp\/"},"modified":"2025-04-29T13:27:52","modified_gmt":"2025-04-29T11:27:52","slug":"nana-nelson-angelo-novelli-yellow-lp","status":"publish","type":"product","link":"https:\/\/wpguerssen-test.odoo.rgbconsulting.com\/es\/producto\/nana-nelson-angelo-novelli-yellow-lp\/","title":{"rendered":"Nan\u00e1 &#8211; Nelson Angelo &#8211; Novelli (Yellow LP)"},"content":{"rendered":"<p>En este verdadero tour de force de la creatividad brasile\u00f1a, Nan\u00e1 se une a sus amigos Nelson Angelo y Novelli &#8211;ambos miembros del trascendental Clube da Esquina&#8211; para crear uno de los mejores \u00e1lbumes brasile\u00f1os jam\u00e1s grabados fuera de Brasil. <\/p>\n<p> Los tres m\u00fasicos buscan aqu\u00ed el tipo de libertad musical que solo podr\u00eda lograrse fuera de su pa\u00eds. Una experimentaci\u00f3n que empuja los l\u00edmites que hace que tu alma fluya y se disfrute en grande.  <\/p>\n<p> Tambi\u00e9n dibujando elementos de la psicodelia y otras corrientes contempor\u00e1neas de la \u00e9poca, la m\u00fasica de alguna manera recuerda la m\u00fasica atemporal y revolucionaria de Milton Nascimento. <\/p>\n<p> Grabado en 1975 y editado en el sello Saravah de Pierre Barouh. Obra del gran artista belga Jean-Michel Folon. <\/p>\n<p> Viene con folleto de informaci\u00f3n con notas del periodista brasile\u00f1o Z\u00e9 Teles.<\/p>\n","protected":false},"excerpt":{"rendered":"<p>En este verdadero tour de force de la creatividad brasile\u00f1a, Nan\u00e1 se une a sus amigos Nelson Angelo y Novelli &#8211;ambos miembros del trascendental Clube da Esquina&#8211;<a class=\"read\" href=\"https:\/\/wpguerssen-test.odoo.rgbconsulting.com\/es\/producto\/nana-nelson-angelo-novelli-yellow-lp\/\"> (...)<\/a>","protected":false},"featured_media":229817,"template":"","meta":{"_acf_changed":false},"product_brand":[],"product_cat":[23219,23231],"product_tag":[],"class_list":{"0":"post-287534","1":"product","2":"type-product","3":"status-publish","4":"has-post-thumbnail","6":"product_cat-funk-es","7":"product_cat-latin-brazilian-es","8":"pa_artist-nana-nelson-angelo-novelli","9":"pa_format-lp-es","10":"pa_gender-latin-brazilian-funk","11":"pa_label-altercat","12":"pa_location-south-america-caribbean-es","13":"pa_other-filters-vinyl-only-es","15":"first","16":"instock","17":"taxable","18":"shipping-taxable","19":"purchasable","20":"product-type-simple"},"acf":[],"yoast_head":"<!-- This site is optimized with the Yoast SEO plugin v24.9 - https:\/\/yoast.com\/wordpress\/plugins\/seo\/ -->\n<title>NANA - NELSON ANGELO - NOVELLI - Nan\u00e1 - Nelson Angelo - Novelli (Yellow LP) -  (LP) | Guerssen<\/title>\n<meta name=\"description\" content=\"YELLOW VINYL LIMITED TO 200 COPIES #nl# FILE UNDER: WORLD JAZZ \/ BRAZIL \/ AVANT-GARDE #nl# In this real tour de force of Brazilian creativity, Nan\u00e1 is joined by his friends Nelson Angelo and Novelli --both members of the seminal Clube da Esquina-- to create one of the greatest Brazilian albums ever recorded outside of Brazil. #nl# The three musicians grasp here for the kind of musical freedom that could then only be achieved outside of their country. A boundary-pushing experimentation that makes your soul flow and is to be enjoyed at large. #nl# Also drawing elements from psychedelia and other contemporary currents of the time, the music somehow reminds of the timeless, revolutionary music of Milton Nascimento. #nl# Recorded in 1975 and released in Pierre Barouh&#039;s label Saravah. Artwork by the great Belgian artist Jean-Michel Folon. #nl# Comes with info booklet with liner notes by Brazilian journalist Z\u00e9 Teles.\" \/>\n<meta name=\"robots\" content=\"index, follow, max-snippet:-1, max-image-preview:large, max-video-preview:-1\" \/>\n<link rel=\"canonical\" href=\"https:\/\/wpguerssen-test.odoo.rgbconsulting.com\/es\/producto\/nana-nelson-angelo-novelli-yellow-lp\/\" \/>\n<meta property=\"og:locale\" content=\"es_ES\" \/>\n<meta property=\"og:type\" content=\"article\" \/>\n<meta property=\"og:title\" content=\"NANA - NELSON ANGELO - NOVELLI - Nan\u00e1 - Nelson Angelo - Novelli (Yellow LP) -  (LP) | Guerssen\" \/>\n<meta property=\"og:description\" content=\"YELLOW VINYL LIMITED TO 200 COPIES #nl# FILE UNDER: WORLD JAZZ \/ BRAZIL \/ AVANT-GARDE #nl# In this real tour de force of Brazilian creativity, Nan\u00e1 is joined by his friends Nelson Angelo and Novelli --both members of the seminal Clube da Esquina-- to create one of the greatest Brazilian albums ever recorded outside of Brazil. #nl# The three musicians grasp here for the kind of musical freedom that could then only be achieved outside of their country. A boundary-pushing experimentation that makes your soul flow and is to be enjoyed at large. #nl# Also drawing elements from psychedelia and other contemporary currents of the time, the music somehow reminds of the timeless, revolutionary music of Milton Nascimento. #nl# Recorded in 1975 and released in Pierre Barouh&#039;s label Saravah. Artwork by the great Belgian artist Jean-Michel Folon. #nl# Comes with info booklet with liner notes by Brazilian journalist Z\u00e9 Teles.\" \/>\n<meta property=\"og:url\" content=\"https:\/\/wpguerssen-test.odoo.rgbconsulting.com\/es\/producto\/nana-nelson-angelo-novelli-yellow-lp\/\" \/>\n<meta property=\"og:site_name\" content=\"Guerssen records\" \/>\n<meta property=\"article:modified_time\" content=\"2025-04-29T11:27:52+00:00\" \/>\n<meta property=\"og:image\" content=\"https:\/\/wpguerssen-test.odoo.rgbconsulting.com\/wp-content\/uploads\/2023\/03\/43295.jpg\" \/>\n\t<meta property=\"og:image:width\" content=\"1200\" \/>\n\t<meta property=\"og:image:height\" content=\"1200\" \/>\n\t<meta property=\"og:image:type\" content=\"image\/jpeg\" \/>\n<meta name=\"twitter:card\" content=\"summary_large_image\" \/>\n<meta name=\"twitter:title\" content=\"NANA - NELSON ANGELO - NOVELLI - Nan\u00e1 - Nelson Angelo - Novelli (Yellow LP) -  (LP) | Guerssen\" \/>\n<meta name=\"twitter:label1\" content=\"Tiempo de lectura\" \/>\n\t<meta name=\"twitter:data1\" content=\"1 minuto\" \/>\n<script type=\"application\/ld+json\" class=\"yoast-schema-graph\">{\"@context\":\"https:\/\/schema.org\",\"@graph\":[{\"@type\":\"WebPage\",\"@id\":\"https:\/\/wpguerssen-test.odoo.rgbconsulting.com\/es\/producto\/nana-nelson-angelo-novelli-yellow-lp\/\",\"url\":\"https:\/\/wpguerssen-test.odoo.rgbconsulting.com\/es\/producto\/nana-nelson-angelo-novelli-yellow-lp\/\",\"name\":\"NANA - NELSON ANGELO - NOVELLI - Nan\u00e1 - Nelson Angelo - Novelli (Yellow LP) - (LP) | Guerssen\",\"isPartOf\":{\"@id\":\"https:\/\/wpguerssen-test.odoo.rgbconsulting.com\/es\/#website\"},\"primaryImageOfPage\":{\"@id\":\"https:\/\/wpguerssen-test.odoo.rgbconsulting.com\/es\/producto\/nana-nelson-angelo-novelli-yellow-lp\/#primaryimage\"},\"image\":{\"@id\":\"https:\/\/wpguerssen-test.odoo.rgbconsulting.com\/es\/producto\/nana-nelson-angelo-novelli-yellow-lp\/#primaryimage\"},\"thumbnailUrl\":\"https:\/\/wpguerssen-test.odoo.rgbconsulting.com\/wp-content\/uploads\/2023\/03\/43295.jpg\",\"datePublished\":\"2023-05-21T22:00:00+00:00\",\"dateModified\":\"2025-04-29T11:27:52+00:00\",\"description\":\"YELLOW VINYL LIMITED TO 200 COPIES #nl# FILE UNDER: WORLD JAZZ \/ BRAZIL \/ AVANT-GARDE #nl# In this real tour de force of Brazilian creativity, Nan\u00e1 is joined by his friends Nelson Angelo and Novelli --both members of the seminal Clube da Esquina-- to create one of the greatest Brazilian albums ever recorded outside of Brazil. #nl# The three musicians grasp here for the kind of musical freedom that could then only be achieved outside of their country. A boundary-pushing experimentation that makes your soul flow and is to be enjoyed at large. #nl# Also drawing elements from psychedelia and other contemporary currents of the time, the music somehow reminds of the timeless, revolutionary music of Milton Nascimento. #nl# Recorded in 1975 and released in Pierre Barouh's label Saravah. Artwork by the great Belgian artist Jean-Michel Folon. #nl# Comes with info booklet with liner notes by Brazilian journalist Z\u00e9 Teles.\",\"breadcrumb\":{\"@id\":\"https:\/\/wpguerssen-test.odoo.rgbconsulting.com\/es\/producto\/nana-nelson-angelo-novelli-yellow-lp\/#breadcrumb\"},\"inLanguage\":\"es\",\"potentialAction\":[{\"@type\":\"ReadAction\",\"target\":[\"https:\/\/wpguerssen-test.odoo.rgbconsulting.com\/es\/producto\/nana-nelson-angelo-novelli-yellow-lp\/\"]}]},{\"@type\":\"ImageObject\",\"inLanguage\":\"es\",\"@id\":\"https:\/\/wpguerssen-test.odoo.rgbconsulting.com\/es\/producto\/nana-nelson-angelo-novelli-yellow-lp\/#primaryimage\",\"url\":\"https:\/\/wpguerssen-test.odoo.rgbconsulting.com\/wp-content\/uploads\/2023\/03\/43295.jpg\",\"contentUrl\":\"https:\/\/wpguerssen-test.odoo.rgbconsulting.com\/wp-content\/uploads\/2023\/03\/43295.jpg\",\"width\":1200,\"height\":1200},{\"@type\":\"BreadcrumbList\",\"@id\":\"https:\/\/wpguerssen-test.odoo.rgbconsulting.com\/es\/producto\/nana-nelson-angelo-novelli-yellow-lp\/#breadcrumb\",\"itemListElement\":[{\"@type\":\"ListItem\",\"position\":1,\"name\":\"Inicio\",\"item\":\"https:\/\/wpguerssen-test.odoo.rgbconsulting.com\/es\/\"},{\"@type\":\"ListItem\",\"position\":2,\"name\":\"Shop\",\"item\":\"https:\/\/wpguerssen-test.odoo.rgbconsulting.com\/shop\/\"},{\"@type\":\"ListItem\",\"position\":3,\"name\":\"Nan\u00e1 &#8211; Nelson Angelo &#8211; Novelli (Yellow LP)\"}]},{\"@type\":\"WebSite\",\"@id\":\"https:\/\/wpguerssen-test.odoo.rgbconsulting.com\/es\/#website\",\"url\":\"https:\/\/wpguerssen-test.odoo.rgbconsulting.com\/es\/\",\"name\":\"Guerssen records\",\"description\":\"psychedelia - progressive - folk - garage \",\"publisher\":{\"@id\":\"https:\/\/wpguerssen-test.odoo.rgbconsulting.com\/es\/#organization\"},\"potentialAction\":[{\"@type\":\"SearchAction\",\"target\":{\"@type\":\"EntryPoint\",\"urlTemplate\":\"https:\/\/wpguerssen-test.odoo.rgbconsulting.com\/es\/?s={search_term_string}\"},\"query-input\":{\"@type\":\"PropertyValueSpecification\",\"valueRequired\":true,\"valueName\":\"search_term_string\"}}],\"inLanguage\":\"es\"},{\"@type\":\"Organization\",\"@id\":\"https:\/\/wpguerssen-test.odoo.rgbconsulting.com\/es\/#organization\",\"name\":\"Guerssen records\",\"url\":\"https:\/\/wpguerssen-test.odoo.rgbconsulting.com\/es\/\",\"logo\":{\"@type\":\"ImageObject\",\"inLanguage\":\"es\",\"@id\":\"https:\/\/wpguerssen-test.odoo.rgbconsulting.com\/es\/#\/schema\/logo\/image\/\",\"url\":\"https:\/\/wpguerssen-test.odoo.rgbconsulting.com\/wp-content\/uploads\/2022\/04\/Logo_Guerssen_trans_100.png\",\"contentUrl\":\"https:\/\/wpguerssen-test.odoo.rgbconsulting.com\/wp-content\/uploads\/2022\/04\/Logo_Guerssen_trans_100.png\",\"width\":122,\"height\":100,\"caption\":\"Guerssen records\"},\"image\":{\"@id\":\"https:\/\/wpguerssen-test.odoo.rgbconsulting.com\/es\/#\/schema\/logo\/image\/\"}}]}<\/script>\n<!-- \/ Yoast SEO plugin. -->","yoast_head_json":{"title":"NANA - NELSON ANGELO - NOVELLI - Nan\u00e1 - Nelson Angelo - Novelli (Yellow LP) -  (LP) | Guerssen","description":"YELLOW VINYL LIMITED TO 200 COPIES #nl# FILE UNDER: WORLD JAZZ \/ BRAZIL \/ AVANT-GARDE #nl# In this real tour de force of Brazilian creativity, Nan\u00e1 is joined by his friends Nelson Angelo and Novelli --both members of the seminal Clube da Esquina-- to create one of the greatest Brazilian albums ever recorded outside of Brazil. #nl# The three musicians grasp here for the kind of musical freedom that could then only be achieved outside of their country. A boundary-pushing experimentation that makes your soul flow and is to be enjoyed at large. #nl# Also drawing elements from psychedelia and other contemporary currents of the time, the music somehow reminds of the timeless, revolutionary music of Milton Nascimento. #nl# Recorded in 1975 and released in Pierre Barouh's label Saravah. Artwork by the great Belgian artist Jean-Michel Folon. #nl# Comes with info booklet with liner notes by Brazilian journalist Z\u00e9 Teles.","robots":{"index":"index","follow":"follow","max-snippet":"max-snippet:-1","max-image-preview":"max-image-preview:large","max-video-preview":"max-video-preview:-1"},"canonical":"https:\/\/wpguerssen-test.odoo.rgbconsulting.com\/es\/producto\/nana-nelson-angelo-novelli-yellow-lp\/","og_locale":"es_ES","og_type":"article","og_title":"NANA - NELSON ANGELO - NOVELLI - Nan\u00e1 - Nelson Angelo - Novelli (Yellow LP) -  (LP) | Guerssen","og_description":"YELLOW VINYL LIMITED TO 200 COPIES #nl# FILE UNDER: WORLD JAZZ \/ BRAZIL \/ AVANT-GARDE #nl# In this real tour de force of Brazilian creativity, Nan\u00e1 is joined by his friends Nelson Angelo and Novelli --both members of the seminal Clube da Esquina-- to create one of the greatest Brazilian albums ever recorded outside of Brazil. #nl# The three musicians grasp here for the kind of musical freedom that could then only be achieved outside of their country. A boundary-pushing experimentation that makes your soul flow and is to be enjoyed at large. #nl# Also drawing elements from psychedelia and other contemporary currents of the time, the music somehow reminds of the timeless, revolutionary music of Milton Nascimento. #nl# Recorded in 1975 and released in Pierre Barouh's label Saravah. Artwork by the great Belgian artist Jean-Michel Folon. #nl# Comes with info booklet with liner notes by Brazilian journalist Z\u00e9 Teles.","og_url":"https:\/\/wpguerssen-test.odoo.rgbconsulting.com\/es\/producto\/nana-nelson-angelo-novelli-yellow-lp\/","og_site_name":"Guerssen records","article_modified_time":"2025-04-29T11:27:52+00:00","og_image":[{"width":1200,"height":1200,"url":"https:\/\/wpguerssen-test.odoo.rgbconsulting.com\/wp-content\/uploads\/2023\/03\/43295.jpg","type":"image\/jpeg"}],"twitter_card":"summary_large_image","twitter_title":"NANA - NELSON ANGELO - NOVELLI - Nan\u00e1 - Nelson Angelo - Novelli (Yellow LP) -  (LP) | Guerssen","twitter_misc":{"Tiempo de lectura":"1 minuto"},"schema":{"@context":"https:\/\/schema.org","@graph":[{"@type":"WebPage","@id":"https:\/\/wpguerssen-test.odoo.rgbconsulting.com\/es\/producto\/nana-nelson-angelo-novelli-yellow-lp\/","url":"https:\/\/wpguerssen-test.odoo.rgbconsulting.com\/es\/producto\/nana-nelson-angelo-novelli-yellow-lp\/","name":"NANA - NELSON ANGELO - NOVELLI - Nan\u00e1 - Nelson Angelo - Novelli (Yellow LP) - (LP) | Guerssen","isPartOf":{"@id":"https:\/\/wpguerssen-test.odoo.rgbconsulting.com\/es\/#website"},"primaryImageOfPage":{"@id":"https:\/\/wpguerssen-test.odoo.rgbconsulting.com\/es\/producto\/nana-nelson-angelo-novelli-yellow-lp\/#primaryimage"},"image":{"@id":"https:\/\/wpguerssen-test.odoo.rgbconsulting.com\/es\/producto\/nana-nelson-angelo-novelli-yellow-lp\/#primaryimage"},"thumbnailUrl":"https:\/\/wpguerssen-test.odoo.rgbconsulting.com\/wp-content\/uploads\/2023\/03\/43295.jpg","datePublished":"2023-05-21T22:00:00+00:00","dateModified":"2025-04-29T11:27:52+00:00","description":"YELLOW VINYL LIMITED TO 200 COPIES #nl# FILE UNDER: WORLD JAZZ \/ BRAZIL \/ AVANT-GARDE #nl# In this real tour de force of Brazilian creativity, Nan\u00e1 is joined by his friends Nelson Angelo and Novelli --both members of the seminal Clube da Esquina-- to create one of the greatest Brazilian albums ever recorded outside of Brazil. #nl# The three musicians grasp here for the kind of musical freedom that could then only be achieved outside of their country. A boundary-pushing experimentation that makes your soul flow and is to be enjoyed at large. #nl# Also drawing elements from psychedelia and other contemporary currents of the time, the music somehow reminds of the timeless, revolutionary music of Milton Nascimento. #nl# Recorded in 1975 and released in Pierre Barouh's label Saravah. Artwork by the great Belgian artist Jean-Michel Folon. #nl# Comes with info booklet with liner notes by Brazilian journalist Z\u00e9 Teles.","breadcrumb":{"@id":"https:\/\/wpguerssen-test.odoo.rgbconsulting.com\/es\/producto\/nana-nelson-angelo-novelli-yellow-lp\/#breadcrumb"},"inLanguage":"es","potentialAction":[{"@type":"ReadAction","target":["https:\/\/wpguerssen-test.odoo.rgbconsulting.com\/es\/producto\/nana-nelson-angelo-novelli-yellow-lp\/"]}]},{"@type":"ImageObject","inLanguage":"es","@id":"https:\/\/wpguerssen-test.odoo.rgbconsulting.com\/es\/producto\/nana-nelson-angelo-novelli-yellow-lp\/#primaryimage","url":"https:\/\/wpguerssen-test.odoo.rgbconsulting.com\/wp-content\/uploads\/2023\/03\/43295.jpg","contentUrl":"https:\/\/wpguerssen-test.odoo.rgbconsulting.com\/wp-content\/uploads\/2023\/03\/43295.jpg","width":1200,"height":1200},{"@type":"BreadcrumbList","@id":"https:\/\/wpguerssen-test.odoo.rgbconsulting.com\/es\/producto\/nana-nelson-angelo-novelli-yellow-lp\/#breadcrumb","itemListElement":[{"@type":"ListItem","position":1,"name":"Inicio","item":"https:\/\/wpguerssen-test.odoo.rgbconsulting.com\/es\/"},{"@type":"ListItem","position":2,"name":"Shop","item":"https:\/\/wpguerssen-test.odoo.rgbconsulting.com\/shop\/"},{"@type":"ListItem","position":3,"name":"Nan\u00e1 &#8211; Nelson Angelo &#8211; Novelli (Yellow LP)"}]},{"@type":"WebSite","@id":"https:\/\/wpguerssen-test.odoo.rgbconsulting.com\/es\/#website","url":"https:\/\/wpguerssen-test.odoo.rgbconsulting.com\/es\/","name":"Guerssen records","description":"psychedelia - progressive - folk - garage ","publisher":{"@id":"https:\/\/wpguerssen-test.odoo.rgbconsulting.com\/es\/#organization"},"potentialAction":[{"@type":"SearchAction","target":{"@type":"EntryPoint","urlTemplate":"https:\/\/wpguerssen-test.odoo.rgbconsulting.com\/es\/?s={search_term_string}"},"query-input":{"@type":"PropertyValueSpecification","valueRequired":true,"valueName":"search_term_string"}}],"inLanguage":"es"},{"@type":"Organization","@id":"https:\/\/wpguerssen-test.odoo.rgbconsulting.com\/es\/#organization","name":"Guerssen records","url":"https:\/\/wpguerssen-test.odoo.rgbconsulting.com\/es\/","logo":{"@type":"ImageObject","inLanguage":"es","@id":"https:\/\/wpguerssen-test.odoo.rgbconsulting.com\/es\/#\/schema\/logo\/image\/","url":"https:\/\/wpguerssen-test.odoo.rgbconsulting.com\/wp-content\/uploads\/2022\/04\/Logo_Guerssen_trans_100.png","contentUrl":"https:\/\/wpguerssen-test.odoo.rgbconsulting.com\/wp-content\/uploads\/2022\/04\/Logo_Guerssen_trans_100.png","width":122,"height":100,"caption":"Guerssen records"},"image":{"@id":"https:\/\/wpguerssen-test.odoo.rgbconsulting.com\/es\/#\/schema\/logo\/image\/"}}]}},"_links":{"self":[{"href":"https:\/\/wpguerssen-test.odoo.rgbconsulting.com\/es\/wp-json\/wp\/v2\/product\/287534","targetHints":{"allow":["GET"]}}],"collection":[{"href":"https:\/\/wpguerssen-test.odoo.rgbconsulting.com\/es\/wp-json\/wp\/v2\/product"}],"about":[{"href":"https:\/\/wpguerssen-test.odoo.rgbconsulting.com\/es\/wp-json\/wp\/v2\/types\/product"}],"wp:featuredmedia":[{"embeddable":true,"href":"https:\/\/wpguerssen-test.odoo.rgbconsulting.com\/es\/wp-json\/wp\/v2\/media\/229817"}],"wp:attachment":[{"href":"https:\/\/wpguerssen-test.odoo.rgbconsulting.com\/es\/wp-json\/wp\/v2\/media?parent=287534"}],"wp:term":[{"taxonomy":"product_brand","embeddable":true,"href":"https:\/\/wpguerssen-test.odoo.rgbconsulting.com\/es\/wp-json\/wp\/v2\/product_brand?post=287534"},{"taxonomy":"product_cat","embeddable":true,"href":"https:\/\/wpguerssen-test.odoo.rgbconsulting.com\/es\/wp-json\/wp\/v2\/product_cat?post=287534"},{"taxonomy":"product_tag","embeddable":true,"href":"https:\/\/wpguerssen-test.odoo.rgbconsulting.com\/es\/wp-json\/wp\/v2\/product_tag?post=287534"}],"curies":[{"name":"wp","href":"https:\/\/api.w.org\/{rel}","templated":true}]}}